{"id":18,"date":"2018-02-21T01:44:41","date_gmt":"2018-02-21T01:44:41","guid":{"rendered":"http:\/\/bes.com.vn\/?page_id=18"},"modified":"2018-02-23T03:19:30","modified_gmt":"2018-02-23T03:19:30","slug":"hoi-va-dap","status":"publish","type":"page","link":"https:\/\/trangwebvang.net\/bes\/hoi-va-dap\/","title":{"rendered":"H\u1ecfi v\u00e0 \u0111\u00e1p"},"content":{"rendered":"\t<div class=\"img has-hover x md-x lg-x y md-y lg-y\" id=\"image_123478785\">\n\t\t\t\t\t\t\t\t<div class=\"img-inner dark\" >\n\t\t\t<img loading=\"lazy\" decoding=\"async\" width=\"1020\" height=\"107\" src=\"https:\/\/trangwebvang.net\/bes\/wp-content\/uploads\/sites\/62\/2018\/02\/header_page1-1900x200.jpg\" class=\"attachment-large size-large\" alt=\"\" srcset=\"https:\/\/trangwebvang.net\/bes\/wp-content\/uploads\/sites\/62\/2018\/02\/header_page1.jpg 1900w, https:\/\/trangwebvang.net\/bes\/wp-content\/uploads\/sites\/62\/2018\/02\/header_page1-500x53.jpg 500w, https:\/\/trangwebvang.net\/bes\/wp-content\/uploads\/sites\/62\/2018\/02\/header_page1-768x81.jpg 768w, https:\/\/trangwebvang.net\/bes\/wp-content\/uploads\/sites\/62\/2018\/02\/header_page1-600x63.jpg 600w\" sizes=\"auto, (max-width: 1020px) 100vw, 1020px\" \/>\t\t\t\t\t\t\n\t\t\t\t\t<\/div>\n\t\t\t\t\t\t\t\t\n<style>\n#image_123478785 {\n  width: 100%;\n}\n<\/style>\n\t<\/div>\n\t\n\t<div id=\"gap-752530562\" class=\"gap-element clearfix\" style=\"display:block; height:auto;\">\n\t\t\n<style>\n#gap-752530562 {\n  padding-top: 30px;\n}\n<\/style>\n\t<\/div>\n\t\n<div class=\"row\"  id=\"row-1826451091\">\n\n\t<div id=\"col-611287699\" class=\"col small-12 large-12\"  data-animate=\"fadeInLeft\">\n\t\t\t\t<div class=\"col-inner text-left\"  >\n\t\t\t\n\t\t\t\n<div class=\"accordion\">\n\t<div id=\"accordion-2441227023\" class=\"accordion-item\">\n\t\t<a id=\"accordion-2441227023-label\" class=\"accordion-title plain\" href=\"#accordion-item-alpha-lipoic-acid-(ala)-l\u00e0-g\u00ec-?\" aria-expanded=\"false\" aria-controls=\"accordion-2441227023-content\" >\n\t\t\t<button class=\"toggle\" aria-label=\"Toggle\"><i class=\"icon-angle-down\"><\/i><\/button>\n\t\t\t<span>Alpha lipoic acid (ALA) l\u00e0 g\u00ec ?<\/span>\n\t\t<\/a>\n\t\t<div id=\"accordion-2441227023-content\" class=\"accordion-inner\" aria-labelledby=\"accordion-2441227023-label\" >\n\t\t\t\n<p><a href=\"http:\/\/bes.com.vn\/alpha-lipoic-acid-ala-la-gi\/\">SK\u0110S \u2013 Alpha lipoic acid (ALA) l\u00e0 m\u1ed9t ch\u1ea5t t\u1ef1 nhi\u00ean \u0111\u01b0\u1ee3c t\u1ed5ng h\u1ee3p trong ty th\u1ec3 c\u1ee7a t\u1ebf b\u00e0o, \u0111\u00f3ng vai tr\u00f2 l\u00e0 coenzyme cho hai lo\u1ea1i enzyme Pyruvate Dehydrogenase v\u00e0 Ketoglutarate-Dehydrogenase. ALA t\u1ed3n t\u1ea1i \u1edf hai d\u1ea1ng \u0111\u1ed3ng ph\u00e2n l\u00e0 R-ALA v\u00e0 S-ALA. Alpha lipoic acid l\u00e0 m\u1ed9t ch\u1ea5t ch\u1ed1ng oxy h\u00f3a c\u1ef1c [&#8230;]<\/a><\/p>\n\t\t<\/div>\n\t<\/div>\n\t\n\t<div id=\"accordion-2271108894\" class=\"accordion-item\">\n\t\t<a id=\"accordion-2271108894-label\" class=\"accordion-title plain\" href=\"#accordion-item-ho\u1ea1t-ch\u1ea5t-ala-(alpha-lipoic-acid)-c\u00f3-t\u00e1c-d\u1ee5ng-nh\u01b0-th\u1ebf-n\u00e0o?\" aria-expanded=\"false\" aria-controls=\"accordion-2271108894-content\" >\n\t\t\t<button class=\"toggle\" aria-label=\"Toggle\"><i class=\"icon-angle-down\"><\/i><\/button>\n\t\t\t<span>Ho\u1ea1t ch\u1ea5t ALA (Alpha Lipoic Acid) c\u00f3 t\u00e1c d\u1ee5ng nh\u01b0 th\u1ebf n\u00e0o?<\/span>\n\t\t<\/a>\n\t\t<div id=\"accordion-2271108894-content\" class=\"accordion-inner\" aria-labelledby=\"accordion-2271108894-label\" >\n\t\t\t\n<p><a href=\"http:\/\/bes.com.vn\/hoat-chat-ala-alpha-lipoic-acid-chua-duoc-nhieu-benh\/\">Alpha lipoic acid (ALA) \u0111\u01b0\u1ee3c kh\u00e1m ph\u00e1 v\u00e0o n\u0103m 1937 khi c\u00e1c nh\u00e0 khoa h\u1ecdc nh\u1eadn th\u1ea5y vi khu\u1ea9n c\u00f3 th\u1ec3 t\u0103ng tr\u01b0\u1edfng trong m\u1ed9t m\u00f4i tr\u01b0\u1eddng nu\u00f4i c\u1ea5y khi c\u00f3 s\u1ef1 hi\u1ec7n di\u1ec7n c\u1ee7a m\u1ed9t ch\u1ea5t dinh d\u01b0\u1ee1ng kh\u00f4ng \u0111\u01b0\u1ee3c r\u00f5 \u0111\u01b0\u1ee3c \u0111\u1eb7t t\u00ean l\u00e0 y\u1ebfu t\u1ed1 t\u0103ng tr\u01b0\u1edfng potato. Tuy nhi\u00ean, ALA ch\u1ec9 [\u2026]<\/a><\/p>\n\t\t<\/div>\n\t<\/div>\n\t\n\t<div id=\"accordion-178723197\" class=\"accordion-item\">\n\t\t<a id=\"accordion-178723197-label\" class=\"accordion-title plain\" href=\"#accordion-item-collagen-c\u00f3-t\u00e1c-d\u1ee5ng-tr\u00ean-l\u00e0n-da-nh\u01b0-th\u1ebf-n\u00e0o?\" aria-expanded=\"false\" aria-controls=\"accordion-178723197-content\" >\n\t\t\t<button class=\"toggle\" aria-label=\"Toggle\"><i class=\"icon-angle-down\"><\/i><\/button>\n\t\t\t<span>Collagen c\u00f3 t\u00e1c d\u1ee5ng tr\u00ean l\u00e0n da nh\u01b0 th\u1ebf n\u00e0o?<\/span>\n\t\t<\/a>\n\t\t<div id=\"accordion-178723197-content\" class=\"accordion-inner\" aria-labelledby=\"accordion-178723197-label\" >\n\t\t\t\n<p><a href=\"http:\/\/bes.com.vn\/tac-dung-cua-collagen-trong-tham-da\/\">Collagen ch\u00ednh l\u00e0 m\u1ed9t lo\u1ea1i protein, chi\u1ebfm kho\u1ea3ng 25% t\u1ed5ng l\u01b0\u1ee3ng protein c\u1ee7a c\u01a1 th\u1ec3. Ch\u1ee9c n\u0103ng c\u1ee7a n\u00f3 l\u00e0 k\u1ebft n\u1ed1i c\u00e1c t\u1ebf b\u00e0o, c\u00e1c m\u00f4 c\u1ee7a c\u01a1 th\u1ec3 v\u1edbi nhau l\u00e0m cho c\u01a1 th\u1ec3 th\u00e0nh kh\u1ed1i th\u1ed1ng nh\u1ea5t. Collagen ch\u00ednh l\u00e0 m\u1ed9t lo\u1ea1i protein, chi\u1ebfm kho\u1ea3ng 25% t\u1ed5ng l\u01b0\u1ee3ng protein c\u1ee7a c\u01a1 th\u1ec3. [\u2026]<\/a><\/p>\n\t\t<\/div>\n\t<\/div>\n\t\n\t<div id=\"accordion-3560566567\" class=\"accordion-item\">\n\t\t<a id=\"accordion-3560566567-label\" class=\"accordion-title plain\" href=\"#accordion-item-c\u00f3-\u0111\u00fang-glutathione-c\u00f3-t\u00e1c-d\u1ee5ng-l\u00e0m-tr\u1eafng-da?\" aria-expanded=\"false\" aria-controls=\"accordion-3560566567-content\" >\n\t\t\t<button class=\"toggle\" aria-label=\"Toggle\"><i class=\"icon-angle-down\"><\/i><\/button>\n\t\t\t<span>C\u00f3 \u0111\u00fang Glutathione c\u00f3 t\u00e1c d\u1ee5ng l\u00e0m tr\u1eafng da?<\/span>\n\t\t<\/a>\n\t\t<div id=\"accordion-3560566567-content\" class=\"accordion-inner\" aria-labelledby=\"accordion-3560566567-label\" >\n\t\t\t\n<p><a href=\"http:\/\/bes.com.vn\/alobacsi-oi-co-dung-tac-dung-phu-cua-thuoc-glutathione-la-lam-trang-da\/\">Th\u01b0a b\u00e1c s\u0129, Hi\u1ec7n nay c\u00f3 m\u1ed9t s\u1ed1 lo\u1ea1i thu\u1ed1c ch\u1ee9a glutathione c\u00f3 t\u00e1c d\u1ee5ng ng\u1eeba ung th\u01b0 r\u1ea5t t\u1ed1t, \u0111\u1ed3ng th\u1eddi l\u1ea1i c\u00f3 t\u00e1c d\u1ee5ng ph\u1ee5 l\u00e0 l\u00e0m tr\u1eafng da. Ngo\u00e0i ra, c\u00f2n u\u1ed1ng k\u1ebft h\u1ee3p v\u1edbi vitamin C, vitamin E \u0111\u1ec3 tr\u1eafng da. Em kh\u00f4ng bi\u1ebft th\u1ef1c h\u01b0 th\u1ebf n\u00e0o mong b\u00e1c s\u0129 [\u2026]<\/a><\/p>\n\t\t<\/div>\n\t<\/div>\n\t\n\t<div id=\"accordion-1764973979\" class=\"accordion-item\">\n\t\t<a id=\"accordion-1764973979-label\" class=\"accordion-title plain\" href=\"#accordion-item-glutathione-c\u00f3-t\u00e1c-d\u1ee5ng-g\u00ec?\" aria-expanded=\"false\" aria-controls=\"accordion-1764973979-content\" >\n\t\t\t<button class=\"toggle\" aria-label=\"Toggle\"><i class=\"icon-angle-down\"><\/i><\/button>\n\t\t\t<span>Glutathione c\u00f3 t\u00e1c d\u1ee5ng g\u00ec?<\/span>\n\t\t<\/a>\n\t\t<div id=\"accordion-1764973979-content\" class=\"accordion-inner\" aria-labelledby=\"accordion-1764973979-label\" >\n\t\t\t\n<p><a href=\"http:\/\/bes.com.vn\/glutathione-co-tac-dung-gi\/\">N\u00f3i t\u1edbi Glutathione, nhi\u1ec1u ng\u01b0\u1eddi m\u1edbi ch\u1ec9 bi\u1ebft t\u1edbi c\u00f4ng d\u1ee5ng l\u00e0m \u0111\u1eb9p da c\u1ee7a d\u01b0\u1ee1ng ch\u1ea5t n\u00e0y, nh\u01b0ng th\u1ef1c ch\u1ea5t Glutathione c\u00f2n nhi\u1ec1u t\u00e1c d\u1ee5ng tuy\u1ec7t v\u1eddi, n\u1ebfu t\u00ecm hi\u1ec3u c\u1ee5 th\u1ec3, s\u1ebd khi\u1ebfn kh\u00f4ng \u00edt ng\u01b0\u1eddi \u201cph\u1ea3i l\u00f2ng\u201d ngay l\u1eadp t\u1ee9c. Glutathione l\u00e0 m\u1ed9t tripeptide n\u1ed9i sinh (\u0111\u01b0\u1ee3c xem nh\u01b0 kho d\u1ef1 tr\u1eef [\u2026]<\/a><\/p>\n\t\t<\/div>\n\t<\/div>\n\t\n\t<div id=\"accordion-677050712\" class=\"accordion-item\">\n\t\t<a id=\"accordion-677050712-label\" class=\"accordion-title plain\" href=\"#accordion-item-l-glutathione-c\u00f3-t\u00e1c-d\u1ee5ng-l\u00e0m-tr\u1eafng-da,-ch\u1ed1ng-l\u00e3o-h\u00f3a-nh\u01b0-th\u1ebf-n\u00e0o?\" aria-expanded=\"false\" aria-controls=\"accordion-677050712-content\" >\n\t\t\t<button class=\"toggle\" aria-label=\"Toggle\"><i class=\"icon-angle-down\"><\/i><\/button>\n\t\t\t<span>L-Glutathione c\u00f3 t\u00e1c d\u1ee5ng l\u00e0m tr\u1eafng da, ch\u1ed1ng l\u00e3o h\u00f3a nh\u01b0 th\u1ebf n\u00e0o?<\/span>\n\t\t<\/a>\n\t\t<div id=\"accordion-677050712-content\" class=\"accordion-inner\" aria-labelledby=\"accordion-677050712-label\" >\n\t\t\t\n<p><a href=\"http:\/\/bes.com.vn\/l-glutathione-duo%CC%83ng-chat-lam-trang-va-chong-la%CC%83o-hoa-da-cu%CC%A3c-ma%CC%A3nh\/\">SK\u0110S \u2013 Glutathione l\u00e0 m\u1ed9t tripeptide n\u1ed9i sinh c\u00f3 trong t\u1ea5t c\u1ea3 c\u00e1c t\u1ebf b\u00e0o \u0111\u1ed9ng v\u1eadt, \u0111\u01b0\u1ee3c t\u1ed5ng h\u1ee3p t\u1eeb t\u1ebf b\u00e0o b\u1eb1ng 3 axit amin: cysteine, glutamic v\u00e0 glycine Glutathione l\u00e0 g\u00ec? Glutathione l\u00e0 m\u1ed9t tripeptide n\u1ed9i sinh c\u00f3 trong t\u1ea5t c\u1ea3 c\u00e1c t\u1ebf b\u00e0o \u0111\u1ed9ng v\u1eadt, \u0111\u01b0\u1ee3c t\u1ed5ng h\u1ee3p t\u1eeb t\u1ebf b\u00e0o [\u2026]<\/a><\/p>\n\t\t<\/div>\n\t<\/div>\n\t\n\t<div id=\"accordion-447298468\" class=\"accordion-item\">\n\t\t<a id=\"accordion-447298468-label\" class=\"accordion-title plain\" href=\"#accordion-item-c\u00f4ng-d\u1ee5ng-l\u00e0m-\u0111\u1eb9p-c\u1ee7a-h\u1ea1t-nho-nh\u01b0-th\u1ebf-n\u00e0o?\" aria-expanded=\"false\" aria-controls=\"accordion-447298468-content\" >\n\t\t\t<button class=\"toggle\" aria-label=\"Toggle\"><i class=\"icon-angle-down\"><\/i><\/button>\n\t\t\t<span>C\u00f4ng d\u1ee5ng l\u00e0m \u0111\u1eb9p c\u1ee7a h\u1ea1t nho nh\u01b0 th\u1ebf n\u00e0o?<\/span>\n\t\t<\/a>\n\t\t<div id=\"accordion-447298468-content\" class=\"accordion-inner\" aria-labelledby=\"accordion-447298468-label\" >\n\t\t\t\n<p><a href=\"http:\/\/bes.com.vn\/6-cong-dung-lam-dep-cua-dau-hat-nho\/\">D\u1ea7u h\u1ea1t nho c\u00f3 h\u00e0m l\u01b0\u1ee3ng omega-6 v\u00e0 vitamin E cao, th\u1ea5m h\u00fat nhanh qua da n\u00ean gi\u00fap nu\u00f4i d\u01b0\u1ee1ng da t\u1ed1t h\u01a1n h\u1eb3n.  C\u00f3 nhi\u1ec1u ch\u1ea5t ch\u1ed1ng oxy h\u00f3a h\u01a1n vitamin C v\u00e0 E D\u1ea7u h\u1ea1t nho \u0111\u01b0\u1ee3c \u0111\u00e1nh gi\u00e1 l\u00e0 m\u1ed9t ch\u1ea5t t\u1ef1 nhi\u00ean c\u00f3 kh\u1ea3 n\u0103ng ch\u1ed1ng \u00f4xy h\u00f3a c\u1ef1c m\u1ea1nh. Ch\u1ea5t [\u2026]<\/a><\/p>\n\t\t<\/div>\n\t<\/div>\n\t\n\t<div id=\"accordion-4086964688\" class=\"accordion-item\">\n\t\t<a id=\"accordion-4086964688-label\" class=\"accordion-title plain\" href=\"#accordion-item-cao-h\u1ea1t-nho-kho-\u2013grape-seed-extract-l\u00e0-g\u00ec?\" aria-expanded=\"false\" aria-controls=\"accordion-4086964688-content\" >\n\t\t\t<button class=\"toggle\" aria-label=\"Toggle\"><i class=\"icon-angle-down\"><\/i><\/button>\n\t\t\t<span>Cao h\u1ea1t nho kho \u2013Grape seed extract l\u00e0 g\u00ec?<\/span>\n\t\t<\/a>\n\t\t<div id=\"accordion-4086964688-content\" class=\"accordion-inner\" aria-labelledby=\"accordion-4086964688-label\" >\n\t\t\t\n<p><a href=\"http:\/\/bes.com.vn\/cao-kho-hat-nho-grape-seed-extract\/\">Th\u00f4ng tin chi ti\u1ebft Cao kh\u00f4 h\u1ea1t nho Grape seed Extract c\u00f3 ho\u1ea1t ch\u1ea5t ch\u00ednh l\u00e0 Proanthocyanidins v\u1edbi t\u1ef7 l\u1ec7 95%, Polyphenols v\u1edbi t\u1ef7 l\u1ec7 95%. D\u01b0\u1ee3c li\u1ec7u cao kh\u00f4 h\u1ea1t nho c\u00f3 d\u1ea1ng th\u00e0nh ph\u1ea9m l\u00e0 b\u1ed9t m\u1ecbn m\u00e0u n\u00e2u, n\u00e2u s\u00e1ng. Trong nh\u00e2n h\u1ea1t nho ch\u1ee9a 6-20% d\u1ea7u b\u00e9o, trong \u0111\u00f3 acid linoleic [\u2026]<\/a><\/p>\n\t\t<\/div>\n\t<\/div>\n\t\n\t<div id=\"accordion-1394562394\" class=\"accordion-item\">\n\t\t<a id=\"accordion-1394562394-label\" class=\"accordion-title plain\" href=\"#accordion-item-h\u1ea1t-l\u1ef1u-c\u00f3-nh\u1eefng-l\u1ee3i-\u00edch-g\u00ec-cho-c\u01a1-th\u1ec3?\" aria-expanded=\"false\" aria-controls=\"accordion-1394562394-content\" >\n\t\t\t<button class=\"toggle\" aria-label=\"Toggle\"><i class=\"icon-angle-down\"><\/i><\/button>\n\t\t\t<span>H\u1ea1t l\u1ef1u c\u00f3 nh\u1eefng l\u1ee3i \u00edch g\u00ec cho c\u01a1 th\u1ec3?<\/span>\n\t\t<\/a>\n\t\t<div id=\"accordion-1394562394-content\" class=\"accordion-inner\" aria-labelledby=\"accordion-1394562394-label\" >\n\t\t\t\n<p><a href=\"http:\/\/bes.com.vn\/12-tac-dung-khong-ngo-cua-qua-luu\/\">L\u1ef1u l\u00e0 ngu\u1ed3n cung c\u1ea5p d\u1ed3i d\u00e0o vitamin A, C, E v\u00e0 nhi\u1ec1u kho\u00e1ng ch\u1ea5t kh\u00e1c. Lo\u1ea1i qu\u1ea3 n\u00e0y \u0111\u00e3 \u0111\u01b0\u1ee3c s\u1eed d\u1ee5ng l\u00e0 thu\u1ed1c \u1edf Trung \u0110\u00f4ng v\u00e0 Vi\u1ec5n \u0110\u00f4ng h\u00e0ng ng\u00e0n n\u0103m nay \u0111\u1ec3 b\u1ea3o v\u1ec7 c\u01a1 th\u1ec3 kh\u1ecfi c\u00e1c b\u1ec7nh ti\u1ec3u \u0111\u01b0\u1eddng, ung th\u01b0 v\u00e0 tim. L\u1ee3i \u00edch v\u1ec1 tim m\u1ea1ch L\u1ef1u [\u2026]<\/a><\/p>\n\t\t<\/div>\n\t<\/div>\n\t\n\t<div id=\"accordion-2874137256\" class=\"accordion-item\">\n\t\t<a id=\"accordion-2874137256-label\" class=\"accordion-title plain\" href=\"#accordion-item-vitamin-c-c\u00f3-t\u00e1c-%20d\u1ee5ng-%20nh\u01b0-th\u1ebf-n\u00e0o-v\u1edbi-l\u00e0n-da?\" aria-expanded=\"false\" aria-controls=\"accordion-2874137256-content\" >\n\t\t\t<button class=\"toggle\" aria-label=\"Toggle\"><i class=\"icon-angle-down\"><\/i><\/button>\n\t\t\t<span>Vitamin C c\u00f3 t\u00e1c  d\u1ee5ng  nh\u01b0 th\u1ebf n\u00e0o v\u1edbi l\u00e0n da?<\/span>\n\t\t<\/a>\n\t\t<div id=\"accordion-2874137256-content\" class=\"accordion-inner\" aria-labelledby=\"accordion-2874137256-label\" >\n\t\t\t\n<p><a href=\"http:\/\/bes.com.vn\/10-dieu-ve-vitamin-c-va-tac-dung-cua-chung-doi-voi-lan-da-cua-ban\/\">Vitamin C c\u00f3 t\u00ean qu\u1ed1c t\u1ebf l\u00e0 acid ascobic \u0111\u01b0\u1ee3c Albert Szent Gyorgyi chi\u1ebft xu\u1ea5t v\u00e0o n\u0103m 1928, l\u00e0 m\u1ed9t vitamin tan trong n\u01b0\u1edbc, r\u1ea5t c\u1ea7n thi\u1ebft cho ng\u01b0\u1eddi v\u00e0 \u0111\u1ed9ng v\u1eadt. Vitamin C thi\u00ean nhi\u00ean c\u00f3 trong th\u1ef1c v\u1eadt (trong c\u00e1c rau qu\u1ea3 t\u01b0\u01a1i). Vi\u1ec7c chi\u1ebft t\u00e1ch vitamin C t\u1eeb thi\u00ean nhi\u00ean r\u1ea5t t\u1ed1n k\u00e9m v\u00e0 ph\u1ee9c [\u2026]<\/a><\/p>\n\t\t<\/div>\n\t<\/div>\n\t\n\t<div id=\"accordion-1314223963\" class=\"accordion-item\">\n\t\t<a id=\"accordion-1314223963-label\" class=\"accordion-title plain\" href=\"#accordion-item-vitamin-c-c\u00f3-t\u00e1c-%20d\u1ee5ng-%20nh\u01b0-%20th\u1ebf-%20n\u00e0o-%20\u0111\u1ed1i-%20v\u1edbi-%20c\u01a1-%20th\u1ec3?\" aria-expanded=\"false\" aria-controls=\"accordion-1314223963-content\" >\n\t\t\t<button class=\"toggle\" aria-label=\"Toggle\"><i class=\"icon-angle-down\"><\/i><\/button>\n\t\t\t<span>Vitamin C c\u00f3 t\u00e1c  d\u1ee5ng  nh\u01b0  th\u1ebf  n\u00e0o  \u0111\u1ed1i  v\u1edbi  c\u01a1  th\u1ec3?<\/span>\n\t\t<\/a>\n\t\t<div id=\"accordion-1314223963-content\" class=\"accordion-inner\" aria-labelledby=\"accordion-1314223963-label\" >\n\t\t\t\n<p><a href=\"http:\/\/bes.com.vn\/7-tac-dung-cua-vitamin-c\/\">Vitamin C kh\u00f4ng h\u1ec1 xa l\u1ea1 nh\u01b0ng kh\u00f4ng ph\u1ea3i ai c\u0169ng bi\u1ebft r\u00f5 nh\u1eefng t\u00e1c d\u1ee5ng h\u1eefu \u00edch c\u1ee7a vitamin C. Nh\u1eefng t\u00e1c d\u1ee5ng d\u01b0\u1edbi \u0111\u00e2y s\u1ebd gi\u00fap b\u1ea1n t\u00ecm hi\u1ec3u r\u00f5 h\u01a1n v\u1ec1 t\u1ea7m quan tr\u1ecdng c\u1ee7a vi ch\u1ea5t n\u00e0y. Vitamin C c\u00f2n g\u1ecdi l\u00e0 acid ascorbic. N\u00f3 t\u1ed3n t\u1ea1i trong c\u01a1 th\u1ec3 ch\u00fang [\u2026]<\/a><\/p>\n\t\t<\/div>\n\t<\/div>\n\t\n<\/div>\n\t\t<\/div>\n\t\t\t\t\t<\/div>\n\n\t\n<\/div>\n","protected":false},"excerpt":{"rendered":"Alpha lipoic acid (ALA) l\u00e0 g\u00ec ? SK\u0110S \u2013 Alpha lipoic acid (ALA) l\u00e0 m\u1ed9t ch\u1ea5t t\u1ef1 nhi\u00ean \u0111\u01b0\u1ee3c t\u1ed5ng h\u1ee3p trong ty th\u1ec3 c\u1ee7a t\u1ebf b\u00e0o, \u0111\u00f3ng vai tr\u00f2 l\u00e0 coenzyme cho hai lo\u1ea1i enzyme Pyruvate Dehydrogenase v\u00e0 Ketoglutarate-Dehydrogenase. ALA t\u1ed3n t\u1ea1i \u1edf hai d\u1ea1ng \u0111\u1ed3ng ph\u00e2n l\u00e0 R-ALA v\u00e0 S-ALA. Alpha lipoic acid [...]","protected":false},"author":2,"featured_media":0,"parent":0,"menu_order":0,"comment_status":"closed","ping_status":"closed","template":"page-blank.php","meta":{"footnotes":""},"class_list":["post-18","page","type-page","status-publish","hentry"],"_links":{"self":[{"href":"https:\/\/trangwebvang.net\/bes\/wp-json\/wp\/v2\/pages\/18","targetHints":{"allow":["GET"]}}],"collection":[{"href":"https:\/\/trangwebvang.net\/bes\/wp-json\/wp\/v2\/pages"}],"about":[{"href":"https:\/\/trangwebvang.net\/bes\/wp-json\/wp\/v2\/types\/page"}],"author":[{"embeddable":true,"href":"https:\/\/trangwebvang.net\/bes\/wp-json\/wp\/v2\/users\/2"}],"replies":[{"embeddable":true,"href":"https:\/\/trangwebvang.net\/bes\/wp-json\/wp\/v2\/comments?post=18"}],"version-history":[{"count":0,"href":"https:\/\/trangwebvang.net\/bes\/wp-json\/wp\/v2\/pages\/18\/revisions"}],"wp:attachment":[{"href":"https:\/\/trangwebvang.net\/bes\/wp-json\/wp\/v2\/media?parent=18"}],"curies":[{"name":"wp","href":"https:\/\/api.w.org\/{rel}","templated":true}]}}