{"id":352,"date":"2019-05-15T07:38:36","date_gmt":"2019-05-15T07:38:36","guid":{"rendered":"http:\/\/bes.com.vn\/?page_id=352"},"modified":"2019-05-15T07:39:26","modified_gmt":"2019-05-15T07:39:26","slug":"vi-sao-bes-giup-cang-da-giam-nep-nhan","status":"publish","type":"page","link":"https:\/\/trangwebvang.net\/bes\/vi-sao-bes-giup-cang-da-giam-nep-nhan\/","title":{"rendered":"V\u00ec sao BES gi\u00fap c\u0103ng da, gi\u1ea3m n\u1ebfp nh\u0103n ?"},"content":{"rendered":"<p style=\"text-align: justify\"><div class=\"container section-title-container\" ><h1 class=\"section-title section-title-center\"><b><\/b><span class=\"section-title-main\" style=\"font-size:90%;\">V\u00ec sao BES gi\u00fap c\u0103ng da, gi\u1ea3m n\u1ebfp nh\u0103n ?<\/span><b><\/b><\/h1><\/div>\n<p style=\"text-align: justify\">V\u1edbi s\u1ef1 hi\u1ec7n di\u1ec7n c\u1ee7a COLLAGEN trong th\u00e0nh ph\u1ea7n, BES gi\u00fap c\u0103ng da,gi\u1ea3m n\u1ebfp nh\u0103n \u00a0theo c\u01a1 ch\u1ebf sau :<\/p>\n<p style=\"text-align: justify\">Collagen ch\u00ednh l\u00e0 m\u1ed9t lo\u1ea1i protein, chi\u1ebfm kho\u1ea3ng 25% t\u1ed5ng l\u01b0\u1ee3ng protein c\u1ee7a c\u01a1 th\u1ec3. Ch\u1ee9c n\u0103ng c\u1ee7a n\u00f3 l\u00e0 k\u1ebft n\u1ed1i c\u00e1c t\u1ebf b\u00e0o, c\u00e1c m\u00f4 c\u1ee7a c\u01a1 th\u1ec3 v\u1edbi nhau l\u00e0m cho c\u01a1 th\u1ec3 th\u00e0nh kh\u1ed1i th\u1ed1ng nh\u1ea5t.\u00a0Collagen\u00a0trong da l\u00e0 y\u1ebfu t\u1ed1 l\u00e0m da chun gi\u00e3n, \u0111\u00e0n h\u1ed3i. V\u00ec v\u1eady, khi suy gi\u1ea3m ch\u1ea5t n\u00e0y s\u1ebd l\u00e0m da c\u1ee7a ch\u00fang ta m\u1ea5t \u0111i s\u1ef1 \u0111\u00e0n h\u1ed3i.<\/p>\n<h2 style=\"text-align: justify\"><span style=\"font-size: 90%\">Vai tr\u00f2 c\u1ee7a collagen v\u00e0 qu\u00e1 tr\u00ecnh l\u00e3o h\u00f3a da<\/span><\/h2>\n<figure id=\"attachment_353\" aria-describedby=\"caption-attachment-353\" style=\"width: 490px\" class=\"wp-caption alignright\"><img loading=\"lazy\" decoding=\"async\" class=\"wp-image-353 size-full\" src=\"http:\/\/bes.com.vn\/wp-content\/uploads\/sites\/62\/2019\/05\/da.png\" alt=\"C\u00e1c s\u1ee3i collagen gi\u00fap cho da kh\u00f4ng b\u1ecb ch\u00f9ng nh\u00e3o.\" width=\"490\" height=\"236\" \/><figcaption id=\"caption-attachment-353\" class=\"wp-caption-text\"><strong>C\u00e1c s\u1ee3i collagen gi\u00fap cho da kh\u00f4ng b\u1ecb ch\u00f9ng nh\u00e3o.<\/strong><\/figcaption><\/figure>\n<p style=\"text-align: justify\">Collagen\u00a0l\u00e0m da c\u1ee7a ta m\u1ecbn m\u00e0ng, tr\u1ebb trung v\u00e0 sinh \u0111\u1ed9ng. Ngo\u00e0i ch\u1ee9c n\u0103ng b\u1ea3o v\u1ec7, da c\u00f2n c\u00f3 ch\u1ee9c n\u0103ng bi\u1ec3u l\u1ed9 t\u00ecnh c\u1ea3m c\u0169ng ph\u1ea7n l\u1edbn nh\u1edd v\u00e0o collagen. T\u1ea7m quan tr\u1ecdng c\u1ee7a\u00a0collagen\u00a0l\u00e0 y\u1ebfu t\u1ed1 c\u1ea5u th\u00e0nh c\u01a1 th\u1ec3 v\u00e0 quy\u1ebft \u0111\u1ecbnh s\u1ef1 t\u1ed3n t\u1ea1i c\u1ee7a c\u01a1 th\u1ec3 ch\u00fang ta. \u0110\u1ed1i v\u1edbi da, collagen c\u00f3 vai tr\u00f2 quy\u1ebft \u0111\u1ecbnh \u0111\u1ebfn s\u1ef1 tr\u1ebb trung v\u00e0 ch\u1ee9c n\u0103ng c\u1ee7a da. L\u00e3o h\u00f3a da ch\u1ecbu s\u1ef1 \u1ea3nh h\u01b0\u1edfng c\u1ee7a 2 y\u1ebfu t\u1ed1: y\u1ebfu t\u1ed1 n\u1ed9i sinh do th\u1eddi gian c\u1ee7a cu\u1ed9c \u0111\u1eddi l\u00e0m con ng\u01b0\u1eddi gi\u00e0 \u0111i (l\u00e3o h\u00f3a da th\u1ef1c s\u1ef1) v\u00e0 y\u1ebfu t\u1ed1 ngo\u1ea1i sinh do nh\u1eefng t\u00e1c \u0111\u1ed9ng m\u00f4i tr\u01b0\u1eddng b\u00ean ngo\u00e0i m\u00e0 \u00e1nh n\u1eafng m\u1eb7t tr\u1eddi l\u00e0 nh\u00e2n t\u1ed1 quan tr\u1ecdng nh\u1ea5t g\u00e2y l\u00e3o h\u00f3a da.<\/p>\n<p style=\"text-align: justify\">C\u00e1c bi\u1ec3u hi\u1ec7n c\u1ee7a l\u00e3o h\u00f3a da c\u00f3 th\u1ec3 nh\u1eadn bi\u1ebft l\u00e0: da kh\u00f4, khi s\u1edd th\u1ea5y th\u00f4 r\u00e1p, da b\u1ecb nh\u0103n nheo, da nh\u1ebdo, da tr\u00f9ng xu\u1ed1ng, da b\u1ecb teo, da c\u00f3 m\u00e0u v\u00e0ng nh\u1ea1t kh\u00f4ng c\u00f2n h\u1ed3ng h\u00e0o nh\u01b0 tr\u01b0\u1edbc n\u1eefa, xu\u1ea5t hi\u1ec7n c\u00e1c t\u1ed5 ch\u1ee9c t\u00e2n sinh l\u00e0nh t\u00ednh, c\u00e1c v\u1ebft s\u1eafc t\u1ed1 v\u00e0 n\u00e1m da, t\u00f3c mu\u1ed1i ti\u00eau r\u1ed3i b\u1ea1c. C\u1ea5u t\u1ea1o vi th\u1ec3 c\u00f3 nh\u1eefng thay \u0111\u1ed5i \u1edf th\u01b0\u1ee3ng b\u00ec da v\u00e0 \u1edf trung b\u00ec n\u00f4ng, c\u00e1c nh\u00fa b\u00ec c\u00f3 ch\u1ee9c n\u0103ng nu\u00f4i d\u01b0\u1ee1ng th\u01b0\u1ee3ng b\u00ec tr\u1edf n\u00ean m\u1ecfng v\u00e0 do v\u1eady, da kh\u00f4ng \u0111\u01b0\u1ee3c nu\u00f4i d\u01b0\u1ee1ng \u0111\u1ea7y \u0111\u1ee7 nh\u01b0 tr\u01b0\u1edbc n\u1eefa. S\u1ef1 t\u1ed5ng h\u1ee3p vitamin D c\u0169ng suy gi\u1ea3m.<\/p>\n<p style=\"text-align: justify\">Trung b\u00ec c\u0169ng b\u1ecb teo m\u1ecfng, gi\u1ea3m s\u1ed1 l\u01b0\u1ee3ng t\u1ebf b\u00e0o v\u00e0 m\u1ea1ch m\u00e1u, th\u1eadm ch\u00ed c\u00f3 n\u01a1i m\u1ea5t t\u1ebf b\u00e0o v\u00e0 m\u1ea1ch m\u00e1u. C\u00e1c s\u1ee3i t\u1ea1o keo nh\u01b0 s\u1ee3i chun (elastin), s\u1ee3i keo (collagen) v\u00e0 c\u00e1c ch\u1ea5t c\u01a1 b\u1ea3n \u1edf trung b\u00ec c\u0169ng gi\u1ea3m m\u1ea1nh v\u1ec1 s\u1ed1 l\u01b0\u1ee3ng v\u00e0 thay \u0111\u1ed5i v\u1ec1 ch\u1ea5t l\u01b0\u1ee3ng, t\u1eeb tu\u1ed5i 30 tr\u1edf \u0111i, trung b\u00ecnh m\u1ed7i n\u0103m gi\u1ea3m 1%. Do nh\u1eefng thay \u0111\u1ed5i n\u00e0y m\u00e0 da tr\u1edf n\u00ean l\u1ecfng l\u1ebbo, \u0111\u1ed9 \u0111\u00e0n h\u1ed3i k\u00e9m v\u00e0 b\u1ecb nh\u0103n nheo, b\u1ecb tr\u00f9ng xu\u1ed1ng, kh\u1ea3 n\u0103ng gi\u1eef n\u01b0\u1edbc c\u1ee7a l\u1edbp s\u1eebng k\u00e9m, do v\u1eady, da kh\u00f4ng c\u00f2n c\u0103ng m\u1ecdng nh\u01b0 tu\u1ed5i \u0111\u00f4i m\u01b0\u01a1i n\u1eefa.<\/p>\n<p>Tr\u00edch t\u1eeb : <a href=\"http:\/\/suckhoedoisong.vn\/tac-dung-cua-collagen-trong-tham-my-da-n67104.html\" target=\"_blank\" rel=\"noopener noreferrer\">http:\/\/suckhoedoisong.vn\/tac-dung-cua-collagen-trong-tham-my-da-n67104.html<\/a><\/p>\n","protected":false},"excerpt":{"rendered":"<p>V\u1edbi s\u1ef1 hi\u1ec7n di\u1ec7n c\u1ee7a COLLAGEN trong th\u00e0nh ph\u1ea7n, BES gi\u00fap c\u0103ng da,gi\u1ea3m n\u1ebfp nh\u0103n \u00a0theo c\u01a1 ch\u1ebf sau : Collagen ch\u00ednh l\u00e0 m\u1ed9t lo\u1ea1i protein, chi\u1ebfm kho\u1ea3ng 25% t\u1ed5ng l\u01b0\u1ee3ng protein c\u1ee7a c\u01a1 th\u1ec3. Ch\u1ee9c n\u0103ng c\u1ee7a n\u00f3 l\u00e0 k\u1ebft n\u1ed1i c\u00e1c t\u1ebf b\u00e0o, c\u00e1c m\u00f4 c\u1ee7a c\u01a1 th\u1ec3 v\u1edbi nhau l\u00e0m cho c\u01a1 [&#8230;]\n","protected":false},"author":2,"featured_media":0,"parent":0,"menu_order":0,"comment_status":"closed","ping_status":"closed","template":"","meta":{"footnotes":""},"class_list":["post-352","page","type-page","status-publish","hentry"],"_links":{"self":[{"href":"https:\/\/trangwebvang.net\/bes\/wp-json\/wp\/v2\/pages\/352","targetHints":{"allow":["GET"]}}],"collection":[{"href":"https:\/\/trangwebvang.net\/bes\/wp-json\/wp\/v2\/pages"}],"about":[{"href":"https:\/\/trangwebvang.net\/bes\/wp-json\/wp\/v2\/types\/page"}],"author":[{"embeddable":true,"href":"https:\/\/trangwebvang.net\/bes\/wp-json\/wp\/v2\/users\/2"}],"replies":[{"embeddable":true,"href":"https:\/\/trangwebvang.net\/bes\/wp-json\/wp\/v2\/comments?post=352"}],"version-history":[{"count":0,"href":"https:\/\/trangwebvang.net\/bes\/wp-json\/wp\/v2\/pages\/352\/revisions"}],"wp:attachment":[{"href":"https:\/\/trangwebvang.net\/bes\/wp-json\/wp\/v2\/media?parent=352"}],"curies":[{"name":"wp","href":"https:\/\/api.w.org\/{rel}","templated":true}]}}