{"id":416,"date":"2019-09-19T09:12:02","date_gmt":"2019-09-19T09:12:02","guid":{"rendered":"https:\/\/bes.com.vn\/?page_id=416"},"modified":"2019-09-23T12:38:28","modified_gmt":"2019-09-23T12:38:28","slug":"tai-sao-lao-hoa","status":"publish","type":"page","link":"https:\/\/trangwebvang.net\/bes\/tai-sao-lao-hoa\/","title":{"rendered":"T\u1ea1i sao l\u00e3o h\u00f3a"},"content":{"rendered":"\t<div id=\"gap-271406205\" class=\"gap-element clearfix\" style=\"display:block; height:auto;\">\n\t\t\n<style>\n#gap-271406205 {\n  padding-top: 50px;\n}\n<\/style>\n\t<\/div>\n\t\n<div class=\"row\"  id=\"row-104671547\">\n\n\t<div id=\"col-754913562\" class=\"col small-12 large-12\"  >\n\t\t\t\t<div class=\"col-inner\"  >\n\t\t\t\n\t\t\t\n<h2 style=\"text-align: justify\">T\u1ea1i sao L\u00e3o h\u00f3a<\/h2>\n<p style=\"text-align: justify\"><img loading=\"lazy\" decoding=\"async\" class=\"alignright size-full wp-image-417\" src=\"https:\/\/bes.com.vn\/wp-content\/uploads\/sites\/62\/2019\/09\/1-2.png\" alt=\"\" width=\"496\" height=\"435\" \/>L\u00e3o h\u00f3a da l\u00e0 m\u1ed9t qu\u00e1 tr\u00ecnh t\u1ef1 nhi\u00ean. N\u00f3 b\u1ecb \u1ea3nh h\u01b0\u1edfng b\u1edfi c\u00e1c y\u1ebfu t\u1ed1 b\u00ean trong nh\u01b0 di truy\u1ec1n v\u00e0 c\u00e1c y\u1ebfu t\u1ed1 b\u00ean ngo\u00e0i bao g\u1ed3m ph\u01a1i n\u1eafng (t\u00e1c h\u1ea1i c\u1ee7a tia c\u1ef1c t\u00edm), h\u00fat thu\u1ed1c, r\u01b0\u1ee3u, ch\u1ebf \u0111\u1ed9 \u0103n u\u1ed1ng k\u00e9m, \u00f4 nhi\u1ec5m m\u00f4i tr\u01b0\u1eddng v\u00e0 c\u0103ng th\u1eb3ng. L\u00e3o h\u00f3a da d\u1ea7n m\u1ea5t \u0111i c\u00e1c th\u00e0nh ph\u1ea7n c\u1ea5u tr\u00fac quan tr\u1ecdng nh\u01b0 collagen, elastin v\u00e0 c\u00e1c h\u1ee3p ch\u1ea5t gi\u1eef \u1ea9m \u0111\u01b0\u1ee3c g\u1ecdi l\u00e0 axit hyaluronic. Kh\u1ea3 n\u0103ng \u0111\u1ed1i ph\u00f3 v\u1edbi c\u00e1c g\u1ed1c t\u1ef1 do g\u00e2y h\u1ea1i, \u0111\u01b0\u1ee3c t\u1ea1o ra do m\u00f4i tr\u01b0\u1eddng b\u00ean ngo\u00e0i nh\u01b0 ph\u01a1i n\u1eafng v\u00e0 chuy\u1ec3n h\u00f3a t\u1ebf b\u00e0o b\u00ean trong, c\u0169ng suy gi\u1ea3m. Tr\u1eeb khi \u0111\u01b0\u1ee3c l\u00e0m d\u1ecbu, c\u00e1c g\u1ed1c t\u1ef1 do c\u00f3 th\u1ec3 t\u00edch t\u1ee5 d\u1eabn \u0111\u1ebfn c\u0103ng th\u1eb3ng oxy h\u00f3a trong da.<\/p>\n<p style=\"text-align: justify\">Trong t\u00ecnh hu\u1ed1ng n\u00e0y, ch\u00fang ph\u00e1 v\u1ee1 collagen v\u00e0 elastin do m\u1ea5t c\u1ea5u tr\u00fac h\u1ed7 tr\u1ee3 c\u1ee7a da. D\u1ea7n d\u1ea7n l\u00e0n da m\u1ea5t \u0111i s\u1ef1 m\u1ecbn m\u00e0ng, \u0111\u1ea7y \u0111\u1eb7n v\u00e0 \u0111\u00e0n h\u1ed3i. C\u00e1c n\u1ebfp nh\u0103n v\u00e0 n\u1ebfp nh\u0103n b\u1eaft \u0111\u1ea7u xu\u1ea5t hi\u1ec7n v\u00e0 da tr\u1edf n\u00ean kh\u00f4 h\u01a1n, k\u00e9m r\u1ea1ng r\u1ee1 h\u01a1n v\u00e0 c\u00f3 th\u1ec3 m\u1ea5t nhi\u1ec1u th\u1eddi gian h\u01a1n \u0111\u1ec3 ch\u1eefa l\u00e0nh, v\u00ec c\u00f3 s\u1ef1 t\u00e1i t\u1ea1o t\u1ebf b\u00e0o ch\u1eadm h\u01a1n.<br \/>\n\u0110\u1ec3 b\u1ea3o v\u1ec7 tu\u1ed5i tr\u1ebb v\u00e0 v\u1ebb \u0111\u1eb9p c\u1ee7a l\u00e0n da c\u1ee7a b\u1ea1n, m\u1ed9t th\u00f3i quen ch\u0103m s\u00f3c da t\u1ed1t, ch\u1ebf \u0111\u1ed9 \u0103n u\u1ed1ng v\u00e0 l\u1ed1i s\u1ed1ng l\u00e0 r\u1ea5t c\u1ea7n thi\u1ebft. Li\u00ean k\u1ebft \u0111\u1ebfn: C\u00e1ch l\u00e0m ch\u1eadm qu\u00e1 tr\u00ecnh l\u00e3o h\u00f3a da.<\/p>\n<p>&nbsp;<\/p>\n<p>&nbsp;<\/p>\n<div class=\"row\"  id=\"row-1652827894\">\r\n\r\n\n\t<div id=\"col-1529035785\" class=\"col small-12 large-12\"  >\n\t\t\t\t<div class=\"col-inner\"  >\n\t\t\t\n\t\t\t\r\n<p style=\"text-align: center\"><img loading=\"lazy\" decoding=\"async\" class=\"size-full wp-image-415 aligncenter\" src=\"https:\/\/bes.com.vn\/wp-content\/uploads\/sites\/62\/2019\/09\/2-1.png\" alt=\"\" width=\"561\" height=\"500\" srcset=\"https:\/\/trangwebvang.net\/bes\/wp-content\/uploads\/sites\/62\/2019\/09\/2-1.png 561w, https:\/\/trangwebvang.net\/bes\/wp-content\/uploads\/sites\/62\/2019\/09\/2-1-500x446.png 500w\" sizes=\"auto, (max-width: 561px) 100vw, 561px\" \/><\/p>\r\n\t\t<\/div>\n\t\t\t\t\t<\/div>\n\n\t\r\n\r\n<\/div>\r\n<div class=\"row\"  id=\"row-1175111726\">\r\n\r\n\n\t<div id=\"col-1890107936\" class=\"col medium-4 small-12 large-4\"  >\n\t\t\t\t<div class=\"col-inner\"  >\n\t\t\t\n\t\t\t\r\n<p style=\"text-align: justify\"><strong>1. DETOX V\u00c0 S\u00c1CH NGAY<\/strong><\/p>\r\n<p style=\"text-align: justify\">BES gi\u1ea3i \u0111\u1ed9c v\u00e0 t\u0103ng c\u01b0\u1eddng h\u1ec7 th\u1ed1ng mi\u1ec5n d\u1ecbch \u0111\u1ec3 th\u00fac \u0111\u1ea9y m\u1ed9t c\u01a1 th\u1ec3 kh\u1ecfe m\u1ea1nh v\u00e0 tr\u00e0n \u0111\u1ea7y n\u0103ng l\u01b0\u1ee3ng. K\u1ef7 ni\u1ec7m c\u01a1 th\u1ec3 kh\u1ecfe m\u1ea1nh v\u00e0 xinh \u0111\u1eb9p c\u1ee7a b\u1ea1n ch\u1ec9 trong 4 tu\u1ea7n<\/p>\r\n\t\t<\/div>\n\t\t\t\t\t<\/div>\n\n\t\r\n\n\t<div id=\"col-1520337678\" class=\"col medium-4 small-12 large-4\"  >\n\t\t\t\t<div class=\"col-inner\"  >\n\t\t\t\n\t\t\t\r\n<p style=\"text-align: justify\"><strong>2. T\u00c1I T\u1ea0O DA V\u00c0 C\u01a0 TH\u1ec2<\/strong><\/p>\r\n<p style=\"text-align: justify\">BES Glutathione v\u00e0 5-Brite-Skin Complex ho\u1ea1t \u0111\u1ed9ng \u1edf c\u1ea5p \u0111\u1ed9 t\u1ebf b\u00e0o \u0111\u1ec3 gi\u1ea3m c\u00e1c d\u1ea5u hi\u1ec7u l\u00e3o h\u00f3a: nh\u0103n, t\u0103ng hydrat h\u00f3a, l\u00e0m \u0111\u1ec1u m\u00e0u v\u00e0 l\u00e0m s\u00e1ng da. K\u1ef7 ni\u1ec7m v\u1ebb ngo\u00e0i tr\u1ebb trung v\u00e0 xinh \u0111\u1eb9p c\u1ee7a b\u1ea1n ch\u1ec9 trong 8 tu\u1ea7n.<\/p>\r\n\t\t<\/div>\n\t\t\t\t\t<\/div>\n\n\t\r\n\n\t<div id=\"col-273726729\" class=\"col medium-4 small-12 large-4\"  >\n\t\t\t\t<div class=\"col-inner\"  >\n\t\t\t\n\t\t\t\r\n<p style=\"text-align: justify\"><strong>3. B\u1ea2O V\u1ec6 DA V\u00c0 C\u01a0 TH\u1ec2<\/strong><\/p>\r\n<p style=\"text-align: justify\">C\u00e1c th\u00e0nh ph\u1ea7n \u0111\u01b0\u1ee3c ch\u1ee9ng minh l\u00e2m s\u00e0ng BES b\u1ea3o v\u1ec7 c\u00e1c t\u1ebf b\u00e0o b\u1eb1ng c\u00e1ch duy tr\u00ec c\u00e2n b\u1eb1ng oxy h\u00f3a kh\u1eed t\u1eeb b\u00ean trong th\u00f4ng qua m\u1ed9t ph\u1ee9c h\u1ee3p \u0111\u1ed9c quy\u1ec1n. B\u1ea1n x\u1ee9ng \u0111\u00e1ng \u0111\u01b0\u1ee3c s\u1ed1ng t\u1ed1t v\u00e0 s\u1ed1ng \u0111\u1eb9p<\/p>\r\n\t\t<\/div>\n\t\t\t\t\t<\/div>\n\n\t\r\n\r\n<\/div>\n\t\t<\/div>\n\t\t\t\t\t<\/div>\n\n\t\n<\/div>\n","protected":false},"excerpt":{"rendered":"T\u1ea1i sao L\u00e3o h\u00f3a L\u00e3o h\u00f3a da l\u00e0 m\u1ed9t qu\u00e1 tr\u00ecnh t\u1ef1 nhi\u00ean. N\u00f3 b\u1ecb \u1ea3nh h\u01b0\u1edfng b\u1edfi c\u00e1c y\u1ebfu t\u1ed1 b\u00ean trong nh\u01b0 di truy\u1ec1n v\u00e0 c\u00e1c y\u1ebfu t\u1ed1 b\u00ean ngo\u00e0i bao g\u1ed3m ph\u01a1i n\u1eafng (t\u00e1c h\u1ea1i c\u1ee7a tia c\u1ef1c t\u00edm), h\u00fat thu\u1ed1c, r\u01b0\u1ee3u, ch\u1ebf \u0111\u1ed9 \u0103n u\u1ed1ng k\u00e9m, \u00f4 nhi\u1ec5m m\u00f4i tr\u01b0\u1eddng v\u00e0 [...]","protected":false},"author":2,"featured_media":0,"parent":0,"menu_order":0,"comment_status":"closed","ping_status":"closed","template":"","meta":{"footnotes":""},"class_list":["post-416","page","type-page","status-publish","hentry"],"_links":{"self":[{"href":"https:\/\/trangwebvang.net\/bes\/wp-json\/wp\/v2\/pages\/416","targetHints":{"allow":["GET"]}}],"collection":[{"href":"https:\/\/trangwebvang.net\/bes\/wp-json\/wp\/v2\/pages"}],"about":[{"href":"https:\/\/trangwebvang.net\/bes\/wp-json\/wp\/v2\/types\/page"}],"author":[{"embeddable":true,"href":"https:\/\/trangwebvang.net\/bes\/wp-json\/wp\/v2\/users\/2"}],"replies":[{"embeddable":true,"href":"https:\/\/trangwebvang.net\/bes\/wp-json\/wp\/v2\/comments?post=416"}],"version-history":[{"count":0,"href":"https:\/\/trangwebvang.net\/bes\/wp-json\/wp\/v2\/pages\/416\/revisions"}],"wp:attachment":[{"href":"https:\/\/trangwebvang.net\/bes\/wp-json\/wp\/v2\/media?parent=416"}],"curies":[{"name":"wp","href":"https:\/\/api.w.org\/{rel}","templated":true}]}}