{"id":455,"date":"2019-09-23T08:25:28","date_gmt":"2019-09-23T08:25:28","guid":{"rendered":"https:\/\/bes.com.vn\/?page_id=455"},"modified":"2019-09-23T10:51:57","modified_gmt":"2019-09-23T10:51:57","slug":"3-nguyen-tac-toan-dien","status":"publish","type":"page","link":"https:\/\/trangwebvang.net\/bes\/3-nguyen-tac-toan-dien\/","title":{"rendered":"3 nguy\u00ean t\u1eafc to\u00e0n di\u1ec7n"},"content":{"rendered":"<div class=\"row\"  id=\"row-1598019252\">\n\n\t<div id=\"col-2025989485\" class=\"col small-12 large-12\"  >\n\t\t\t\t<div class=\"col-inner\"  >\n\t\t\t\n\t\t\t\n<h2 style=\"text-align: left\">3 nguy\u00ean t\u1eafc to\u00e0n di\u1ec7n<\/h2>\n<p style=\"text-align: center\"><img loading=\"lazy\" decoding=\"async\" class=\"size-full wp-image-415 aligncenter\" src=\"https:\/\/bes.com.vn\/wp-content\/uploads\/sites\/62\/2019\/09\/2-1.png\" alt=\"\" width=\"561\" height=\"500\" srcset=\"https:\/\/trangwebvang.net\/bes\/wp-content\/uploads\/sites\/62\/2019\/09\/2-1.png 561w, https:\/\/trangwebvang.net\/bes\/wp-content\/uploads\/sites\/62\/2019\/09\/2-1-500x446.png 500w\" sizes=\"auto, (max-width: 561px) 100vw, 561px\" \/><\/p>\n\t\t<\/div>\n\t\t\t\t\t<\/div>\n\n\t\n<\/div>\n<div class=\"row\"  id=\"row-226484839\">\n\n\t<div id=\"col-847072869\" class=\"col medium-4 small-12 large-4\"  >\n\t\t\t\t<div class=\"col-inner\"  >\n\t\t\t\n\t\t\t\n<p style=\"text-align: justify\"><strong>1. DETOX V\u00c0 S\u00c1CH NGAY<\/strong><\/p>\n<p style=\"text-align: justify\">BES gi\u1ea3i \u0111\u1ed9c v\u00e0 t\u0103ng c\u01b0\u1eddng h\u1ec7 th\u1ed1ng mi\u1ec5n d\u1ecbch \u0111\u1ec3 th\u00fac \u0111\u1ea9y m\u1ed9t c\u01a1 th\u1ec3 kh\u1ecfe m\u1ea1nh v\u00e0 tr\u00e0n \u0111\u1ea7y n\u0103ng l\u01b0\u1ee3ng. K\u1ef7 ni\u1ec7m c\u01a1 th\u1ec3 kh\u1ecfe m\u1ea1nh v\u00e0 xinh \u0111\u1eb9p c\u1ee7a b\u1ea1n ch\u1ec9 trong 4 tu\u1ea7n<\/p>\n\t\t<\/div>\n\t\t\t\t\t<\/div>\n\n\t\n\n\t<div id=\"col-1752146514\" class=\"col medium-4 small-12 large-4\"  >\n\t\t\t\t<div class=\"col-inner\"  >\n\t\t\t\n\t\t\t\n<p style=\"text-align: justify\"><strong>2. T\u00c1I T\u1ea0O DA V\u00c0 C\u01a0 TH\u1ec2<\/strong><\/p>\n<p style=\"text-align: justify\">BES Glutathione v\u00e0 5-Brite-Skin Complex ho\u1ea1t \u0111\u1ed9ng \u1edf c\u1ea5p \u0111\u1ed9 t\u1ebf b\u00e0o \u0111\u1ec3 gi\u1ea3m c\u00e1c d\u1ea5u hi\u1ec7u l\u00e3o h\u00f3a: nh\u0103n, t\u0103ng hydrat h\u00f3a, l\u00e0m \u0111\u1ec1u m\u00e0u v\u00e0 l\u00e0m s\u00e1ng da. K\u1ef7 ni\u1ec7m v\u1ebb ngo\u00e0i tr\u1ebb trung v\u00e0 xinh \u0111\u1eb9p c\u1ee7a b\u1ea1n ch\u1ec9 trong 8 tu\u1ea7n.<\/p>\n\t\t<\/div>\n\t\t\t\t\t<\/div>\n\n\t\n\n\t<div id=\"col-1490980018\" class=\"col medium-4 small-12 large-4\"  >\n\t\t\t\t<div class=\"col-inner\"  >\n\t\t\t\n\t\t\t\n<p style=\"text-align: justify\"><strong>3. B\u1ea2O V\u1ec6 DA V\u00c0 C\u01a0 TH\u1ec2<\/strong><\/p>\n<p style=\"text-align: justify\">C\u00e1c th\u00e0nh ph\u1ea7n \u0111\u01b0\u1ee3c ch\u1ee9ng minh l\u00e2m s\u00e0ng BES b\u1ea3o v\u1ec7 c\u00e1c t\u1ebf b\u00e0o b\u1eb1ng c\u00e1ch duy tr\u00ec c\u00e2n b\u1eb1ng oxy h\u00f3a kh\u1eed t\u1eeb b\u00ean trong th\u00f4ng qua m\u1ed9t ph\u1ee9c h\u1ee3p \u0111\u1ed9c quy\u1ec1n. B\u1ea1n x\u1ee9ng \u0111\u00e1ng \u0111\u01b0\u1ee3c s\u1ed1ng t\u1ed1t v\u00e0 s\u1ed1ng \u0111\u1eb9p<\/p>\n\t\t<\/div>\n\t\t\t\t\t<\/div>\n\n\t\n<\/div>\n","protected":false},"excerpt":{"rendered":"3 nguy\u00ean t\u1eafc to\u00e0n di\u1ec7n 1. DETOX V\u00c0 S\u00c1CH NGAY BES gi\u1ea3i \u0111\u1ed9c v\u00e0 t\u0103ng c\u01b0\u1eddng h\u1ec7 th\u1ed1ng mi\u1ec5n d\u1ecbch \u0111\u1ec3 th\u00fac \u0111\u1ea9y m\u1ed9t c\u01a1 th\u1ec3 kh\u1ecfe m\u1ea1nh v\u00e0 tr\u00e0n \u0111\u1ea7y n\u0103ng l\u01b0\u1ee3ng. K\u1ef7 ni\u1ec7m c\u01a1 th\u1ec3 kh\u1ecfe m\u1ea1nh v\u00e0 xinh \u0111\u1eb9p c\u1ee7a b\u1ea1n ch\u1ec9 trong 4 tu\u1ea7n 2. T\u00c1I T\u1ea0O DA V\u00c0 C\u01a0 TH\u1ec2 [...]","protected":false},"author":2,"featured_media":0,"parent":0,"menu_order":0,"comment_status":"closed","ping_status":"closed","template":"page-blank.php","meta":{"footnotes":""},"class_list":["post-455","page","type-page","status-publish","hentry"],"_links":{"self":[{"href":"https:\/\/trangwebvang.net\/bes\/wp-json\/wp\/v2\/pages\/455","targetHints":{"allow":["GET"]}}],"collection":[{"href":"https:\/\/trangwebvang.net\/bes\/wp-json\/wp\/v2\/pages"}],"about":[{"href":"https:\/\/trangwebvang.net\/bes\/wp-json\/wp\/v2\/types\/page"}],"author":[{"embeddable":true,"href":"https:\/\/trangwebvang.net\/bes\/wp-json\/wp\/v2\/users\/2"}],"replies":[{"embeddable":true,"href":"https:\/\/trangwebvang.net\/bes\/wp-json\/wp\/v2\/comments?post=455"}],"version-history":[{"count":0,"href":"https:\/\/trangwebvang.net\/bes\/wp-json\/wp\/v2\/pages\/455\/revisions"}],"wp:attachment":[{"href":"https:\/\/trangwebvang.net\/bes\/wp-json\/wp\/v2\/media?parent=455"}],"curies":[{"name":"wp","href":"https:\/\/api.w.org\/{rel}","templated":true}]}}