{"id":456,"date":"2019-09-23T08:25:55","date_gmt":"2019-09-23T08:25:55","guid":{"rendered":"https:\/\/bes.com.vn\/?page_id=456"},"modified":"2019-09-23T11:03:07","modified_gmt":"2019-09-23T11:03:07","slug":"cong-thuc","status":"publish","type":"page","link":"https:\/\/trangwebvang.net\/bes\/cong-thuc\/","title":{"rendered":"C\u00f4ng th\u1ee9c"},"content":{"rendered":"<div class=\"row\"  id=\"row-674675692\">\n\n\t<div id=\"col-2046079802\" class=\"col small-12 large-12\"  >\n\t\t\t\t<div class=\"col-inner\"  >\n\t\t\t\n\t\t\t\n<p style=\"text-align: center\"><img loading=\"lazy\" decoding=\"async\" class=\"alignleft size-full wp-image-466\" src=\"https:\/\/bes.com.vn\/wp-content\/uploads\/sites\/62\/2019\/09\/1-5.jpg\" alt=\"\" width=\"1170\" height=\"494\" srcset=\"https:\/\/trangwebvang.net\/bes\/wp-content\/uploads\/sites\/62\/2019\/09\/1-5.jpg 1170w, https:\/\/trangwebvang.net\/bes\/wp-content\/uploads\/sites\/62\/2019\/09\/1-5-500x211.jpg 500w, https:\/\/trangwebvang.net\/bes\/wp-content\/uploads\/sites\/62\/2019\/09\/1-5-768x324.jpg 768w, https:\/\/trangwebvang.net\/bes\/wp-content\/uploads\/sites\/62\/2019\/09\/1-5-380x160.jpg 380w, https:\/\/trangwebvang.net\/bes\/wp-content\/uploads\/sites\/62\/2019\/09\/1-5-660x279.jpg 660w, https:\/\/trangwebvang.net\/bes\/wp-content\/uploads\/sites\/62\/2019\/09\/1-5-800x338.jpg 800w, https:\/\/trangwebvang.net\/bes\/wp-content\/uploads\/sites\/62\/2019\/09\/1-5-500x211@2x.jpg 1000w, https:\/\/trangwebvang.net\/bes\/wp-content\/uploads\/sites\/62\/2019\/09\/1-5-380x160@2x.jpg 758w\" sizes=\"auto, (max-width: 1170px) 100vw, 1170px\" \/><\/p>\n<h2>\u00a0<\/h2>\n<h2>C\u00f4ng th\u1ee9c \u0111\u1ed9c quy\u1ec1n BES<\/h2>\n\t\t<\/div>\n\t\t\t\t\t<\/div>\n\n\t\n<\/div>\n\n\t<section class=\"section\" id=\"section_1008517937\">\n\t\t<div class=\"section-bg fill\" >\n\t\t\t\t\t\t\t\t\t\n\t\t\t\n\n\t\t<\/div>\n\n\t\t\n\n\t\t<div class=\"section-content relative\">\n\t\t\t\n<div class=\"row\"  id=\"row-1648334136\">\n\n\t<div id=\"col-1786433000\" class=\"col medium-4 small-12 large-4\"  >\n\t\t\t\t<div class=\"col-inner\"  >\n\t\t\t\n\t\t\t\n<p style=\"text-align: center\"><img loading=\"lazy\" decoding=\"async\" class=\"size-full wp-image-446 aligncenter\" src=\"https:\/\/bes.com.vn\/wp-content\/uploads\/sites\/62\/2019\/09\/1-7.png\" alt=\"\" width=\"144\" height=\"144\" \/><\/p>\n<p style=\"text-align: center\"><strong>Setria\u00ae Glutathione<\/strong><br \/>119061 nghi\u00ean c\u1ee9u v\u00e0 nghi\u00ean c\u1ee9u<br \/>l\u00e2m s\u00e0ng<\/p>\n\t\t<\/div>\n\t\t\t\t\t<\/div>\n\n\t\n\n\t<div id=\"col-1663398080\" class=\"col medium-4 small-12 large-4\"  >\n\t\t\t\t<div class=\"col-inner\"  >\n\t\t\t\n\t\t\t\n<p style=\"text-align: center\"><img loading=\"lazy\" decoding=\"async\" class=\"wp-image-447 size-full aligncenter\" src=\"https:\/\/bes.com.vn\/wp-content\/uploads\/sites\/62\/2019\/09\/2-3.png\" alt=\"\" width=\"144\" height=\"144\" \/><\/p>\n<p style=\"text-align: center\"><strong>Collagen th\u1ee7y ph\u00e2n<\/strong><br \/>17764 nghi\u00ean c\u1ee9u v\u00e0 nghi\u00ean c\u1ee9u<br \/>l\u00e2m s\u00e0ng<\/p>\n\t\t<\/div>\n\t\t\t\t\t<\/div>\n\n\t\n\n\t<div id=\"col-2088128125\" class=\"col medium-4 small-12 large-4\"  >\n\t\t\t\t<div class=\"col-inner\"  >\n\t\t\t\n\t\t\t\n<p style=\"text-align: center\"><img loading=\"lazy\" decoding=\"async\" class=\"wp-image-448 size-full aligncenter\" src=\"https:\/\/bes.com.vn\/wp-content\/uploads\/sites\/62\/2019\/09\/3-2.png\" alt=\"\" width=\"144\" height=\"144\" \/><\/p>\n<p style=\"text-align: center\"><strong>Vitamin C<\/strong><br \/>22210 nghi\u00ean c\u1ee9u v\u00e0 nghi\u00ean c\u1ee9u<br \/>l\u00e2m s\u00e0ng<\/p>\n\t\t<\/div>\n\t\t\t\t\t<\/div>\n\n\t\n\n\t<div id=\"col-1438714938\" class=\"col medium-4 small-12 large-4\"  >\n\t\t\t\t<div class=\"col-inner\"  >\n\t\t\t\n\t\t\t\n<p style=\"text-align: center\"><img loading=\"lazy\" decoding=\"async\" class=\"wp-image-449 size-full aligncenter\" src=\"https:\/\/bes.com.vn\/wp-content\/uploads\/sites\/62\/2019\/09\/4-2.png\" alt=\"\" width=\"144\" height=\"144\" \/><\/p>\n<p style=\"text-align: center\"><strong>Chi\u1ebft xu\u1ea5t h\u1ea1t nho<\/strong><br \/>1551 nghi\u00ean c\u1ee9u v\u00e0 nghi\u00ean c\u1ee9u<br \/>l\u00e2m s\u00e0ng<\/p>\n\t\t<\/div>\n\t\t\t\t\t<\/div>\n\n\t\n\n\t<div id=\"col-1934041737\" class=\"col medium-4 small-12 large-4\"  >\n\t\t\t\t<div class=\"col-inner\"  >\n\t\t\t\n\t\t\t\n<p style=\"text-align: center\"><img loading=\"lazy\" decoding=\"async\" class=\"wp-image-450 size-full aligncenter\" src=\"https:\/\/bes.com.vn\/wp-content\/uploads\/sites\/62\/2019\/09\/5-1.png\" alt=\"\" width=\"144\" height=\"144\" \/><\/p>\n<p style=\"text-align: center\"><strong>Axit Alpha Lipoic<\/strong><br \/>2501 nghi\u00ean c\u1ee9u v\u00e0 nghi\u00ean c\u1ee9u<br \/>l\u00e2m s\u00e0ng<\/p>\n\t\t<\/div>\n\t\t\t\t\t<\/div>\n\n\t\n\n\t<div id=\"col-94435894\" class=\"col medium-4 small-12 large-4\"  >\n\t\t\t\t<div class=\"col-inner\"  >\n\t\t\t\n\t\t\t\n<p style=\"text-align: center\"><img loading=\"lazy\" decoding=\"async\" class=\"wp-image-451 size-full aligncenter\" src=\"https:\/\/bes.com.vn\/wp-content\/uploads\/sites\/62\/2019\/09\/6.jpg\" alt=\"\" width=\"144\" height=\"144\" \/><\/p>\n<p style=\"text-align: center\"><strong>Chi\u1ebft xu\u1ea5t t\u1eeb \u200b\u200bqu\u1ea3 l\u1ef1u<\/strong><br \/>1789 nghi\u00ean c\u1ee9u v\u00e0 nghi\u00ean c\u1ee9u<br \/>l\u00e2m s\u00e0ng<\/p>\n\t\t<\/div>\n\t\t\t\t\t<\/div>\n\n\t\n<\/div>\n\t\t<\/div>\n\n\t\t\n<style>\n#section_1008517937 {\n  padding-top: 30px;\n  padding-bottom: 30px;\n  background-color: rgb(235, 235, 235);\n}\n<\/style>\n\t<\/section>\n\t\n","protected":false},"excerpt":{"rendered":"\u00a0 C\u00f4ng th\u1ee9c \u0111\u1ed9c quy\u1ec1n BES Setria\u00ae Glutathione119061 nghi\u00ean c\u1ee9u v\u00e0 nghi\u00ean c\u1ee9ul\u00e2m s\u00e0ng Collagen th\u1ee7y ph\u00e2n17764 nghi\u00ean c\u1ee9u v\u00e0 nghi\u00ean c\u1ee9ul\u00e2m s\u00e0ng Vitamin C22210 nghi\u00ean c\u1ee9u v\u00e0 nghi\u00ean c\u1ee9ul\u00e2m s\u00e0ng Chi\u1ebft xu\u1ea5t h\u1ea1t nho1551 nghi\u00ean c\u1ee9u v\u00e0 nghi\u00ean c\u1ee9ul\u00e2m s\u00e0ng Axit Alpha Lipoic2501 nghi\u00ean c\u1ee9u v\u00e0 nghi\u00ean c\u1ee9ul\u00e2m s\u00e0ng Chi\u1ebft xu\u1ea5t t\u1eeb \u200b\u200bqu\u1ea3 l\u1ef1u1789 [...]","protected":false},"author":2,"featured_media":0,"parent":0,"menu_order":0,"comment_status":"closed","ping_status":"closed","template":"page-blank.php","meta":{"footnotes":""},"class_list":["post-456","page","type-page","status-publish","hentry"],"_links":{"self":[{"href":"https:\/\/trangwebvang.net\/bes\/wp-json\/wp\/v2\/pages\/456","targetHints":{"allow":["GET"]}}],"collection":[{"href":"https:\/\/trangwebvang.net\/bes\/wp-json\/wp\/v2\/pages"}],"about":[{"href":"https:\/\/trangwebvang.net\/bes\/wp-json\/wp\/v2\/types\/page"}],"author":[{"embeddable":true,"href":"https:\/\/trangwebvang.net\/bes\/wp-json\/wp\/v2\/users\/2"}],"replies":[{"embeddable":true,"href":"https:\/\/trangwebvang.net\/bes\/wp-json\/wp\/v2\/comments?post=456"}],"version-history":[{"count":0,"href":"https:\/\/trangwebvang.net\/bes\/wp-json\/wp\/v2\/pages\/456\/revisions"}],"wp:attachment":[{"href":"https:\/\/trangwebvang.net\/bes\/wp-json\/wp\/v2\/media?parent=456"}],"curies":[{"name":"wp","href":"https:\/\/api.w.org\/{rel}","templated":true}]}}