{"id":457,"date":"2019-09-23T08:26:33","date_gmt":"2019-09-23T08:26:33","guid":{"rendered":"https:\/\/bes.com.vn\/?page_id=457"},"modified":"2019-09-23T11:27:18","modified_gmt":"2019-09-23T11:27:18","slug":"cac-gia-tri-vo-song","status":"publish","type":"page","link":"https:\/\/trangwebvang.net\/bes\/cac-gia-tri-vo-song\/","title":{"rendered":"C\u00e1c gi\u00e1 tr\u1ecb v\u00f4 song"},"content":{"rendered":"<div class=\"row\"  id=\"row-576769082\">\n\n\t<div id=\"col-772420651\" class=\"col small-12 large-12\"  >\n\t\t\t\t<div class=\"col-inner\"  >\n\t\t\t\n\t\t\t\n<p style=\"text-align: center\"><img loading=\"lazy\" decoding=\"async\" class=\"alignleft size-full wp-image-467\" src=\"https:\/\/bes.com.vn\/wp-content\/uploads\/sites\/62\/2019\/09\/1-6.jpg\" alt=\"\" width=\"1170\" height=\"500\" srcset=\"https:\/\/trangwebvang.net\/bes\/wp-content\/uploads\/sites\/62\/2019\/09\/1-6.jpg 1170w, https:\/\/trangwebvang.net\/bes\/wp-content\/uploads\/sites\/62\/2019\/09\/1-6-500x214.jpg 500w, https:\/\/trangwebvang.net\/bes\/wp-content\/uploads\/sites\/62\/2019\/09\/1-6-768x328.jpg 768w, https:\/\/trangwebvang.net\/bes\/wp-content\/uploads\/sites\/62\/2019\/09\/1-6-380x162.jpg 380w, https:\/\/trangwebvang.net\/bes\/wp-content\/uploads\/sites\/62\/2019\/09\/1-6-660x282.jpg 660w, https:\/\/trangwebvang.net\/bes\/wp-content\/uploads\/sites\/62\/2019\/09\/1-6-800x342.jpg 800w, https:\/\/trangwebvang.net\/bes\/wp-content\/uploads\/sites\/62\/2019\/09\/1-6-500x214@2x.jpg 1000w, https:\/\/trangwebvang.net\/bes\/wp-content\/uploads\/sites\/62\/2019\/09\/1-6-380x162@2x.jpg 758w\" sizes=\"auto, (max-width: 1170px) 100vw, 1170px\" \/><\/p>\n<p style=\"text-align: center\"><img loading=\"lazy\" decoding=\"async\" class=\"alignleft size-full wp-image-400\" src=\"https:\/\/bes.com.vn\/wp-content\/uploads\/sites\/62\/2019\/09\/Banner_Bottom-1.png\" alt=\"\" width=\"958\" height=\"74\" srcset=\"https:\/\/trangwebvang.net\/bes\/wp-content\/uploads\/sites\/62\/2019\/09\/Banner_Bottom-1.png 958w, https:\/\/trangwebvang.net\/bes\/wp-content\/uploads\/sites\/62\/2019\/09\/Banner_Bottom-1-500x39.png 500w, https:\/\/trangwebvang.net\/bes\/wp-content\/uploads\/sites\/62\/2019\/09\/Banner_Bottom-1-768x59.png 768w\" sizes=\"auto, (max-width: 958px) 100vw, 958px\" \/><\/p>\n<p>\u00a0<\/p>\n<p>\u00a0<\/p>\n<p>\u00a0<\/p>\n<p style=\"text-align: justify\">BES l\u00e0 m\u1ed9t s\u1ea3n ph\u1ea9m trong d\u00f2ng s\u1ea3n ph\u1ea9m h\u00e0ng \u0111\u1ea7u WellBeauty (Live Well- Live Beautifully) c\u1ee7a ch\u00fang t\u00f4i. BES \u0111\u01b0\u1ee3c th\u1ef1c hi\u1ec7n b\u1edfi v\u00e0 cho th\u1ef1c h\u00e0nh ch\u0103m s\u00f3c s\u1ee9c kh\u1ecfe chuy\u00ean nghi\u1ec7p, kh\u00f4ng ph\u1ea3i th\u1ecb tr\u01b0\u1eddng \u0111\u1ea1i ch\u00fang. Tr\u00ean th\u1ef1c t\u1ebf, c\u00e1c s\u1ea3n ph\u1ea9m c\u1ee7a ch\u00fang t\u00f4i \u0111\u01b0\u1ee3c ph\u00e1t tri\u1ec3n v\u00e0 s\u1ea3n xu\u1ea5t tr\u00ean 5 tr\u1ee5 c\u1ed9t:<\/p>\n<ul>\n<li style=\"text-align: justify\">C\u00e1c s\u1ea3n ph\u1ea9m d\u1ef1a tr\u00ean khoa h\u1ecdc v\u00e0 nghi\u00ean c\u1ee9u &#8211; T\u1ea5t c\u1ea3 c\u00e1c s\u1ea3n ph\u1ea9m \u0111\u01b0\u1ee3c x\u00e2y d\u1ef1ng b\u1edfi b\u1ed9 ph\u1eadn R &amp; D c\u1ee7a ch\u00fang t\u00f4i \u0111\u01b0\u1ee3c \u0111i\u1ec1u h\u00e0nh b\u1edfi m\u1ed9t nh\u00f3m B\u00e1c s\u0129 D\u01b0\u1ee3c c\u00f9ng v\u1edbi c\u00e1c chuy\u00ean gia dinh d\u01b0\u1ee1ng v\u00e0 ch\u0103m s\u00f3c s\u1ee9c kh\u1ecfe h\u00e0ng \u0111\u1ea7u. Kh\u00f4ng gi\u1ed1ng nh\u01b0 nhi\u1ec1u ng\u01b0\u1eddi kh\u00e1c, ch\u00fang t\u00f4i b\u1eaft \u0111\u1ea7u ph\u00e1t tri\u1ec3n t\u1eebng s\u1ea3n ph\u1ea9m t\u1eeb d\u1eef li\u1ec7u l\u00e2m s\u00e0ng \u0111\u1ec3 \u0111\u1ea3m b\u1ea3o an to\u00e0n v\u00e0 hi\u1ec7u qu\u1ea3 c\u1ee7a s\u1ea3n ph\u1ea9m.<\/li>\n<li style=\"text-align: justify\">Ch\u1ea5t l\u01b0\u1ee3ng cao c\u1ea5p &#8211; T\u1ea5t c\u1ea3 c\u00e1c s\u1ea3n ph\u1ea9m c\u1ee7a ch\u00fang t\u00f4i t\u1ef1 h\u00e0o \u0111\u01b0\u1ee3c s\u1ea3n xu\u1ea5t t\u1ea1i M\u1ef9 trong m\u1ed9t nh\u00e0 m\u00e1y \u0111\u01b0\u1ee3c FDA ki\u1ec3m tra. Ch\u00fang t\u00f4i x\u00e2y d\u1ef1ng ch\u1ea5t l\u01b0\u1ee3ng cao trong c\u00e1c s\u1ea3n ph\u1ea9m c\u1ee7a m\u00ecnh trong su\u1ed1t m\u1ed9t quy tr\u00ecnh \u0111\u01b0\u1ee3c thi\u1ebft k\u1ebf t\u1ed1t t\u1eeb x\u00e2y d\u1ef1ng, t\u00ecm ngu\u1ed3n cung \u1ee9ng nguy\u00ean li\u1ec7u cao c\u1ea5p, s\u1ea3n xu\u1ea5t, v\u1eadn chuy\u1ec3n v\u00e0 l\u01b0u tr\u1eef. Ch\u00fang t\u00f4i kh\u00f4ng c\u1ea1nh tranh b\u1eb1ng c\u00e1ch h\u1ea1 gi\u00e1. Ch\u00fang t\u00f4i c\u1ea1nh tranh b\u1eb1ng c\u00e1ch n\u00e2ng cao l\u1ee3i \u00edch s\u1ee9c kh\u1ecfe c\u1ee7a kh\u00e1ch h\u00e0ng. Ch\u00fang t\u00f4i \u0111\u1ea3m b\u1ea3o r\u1eb1ng c\u00e1c s\u1ea3n ph\u1ea9m c\u1ee7a ch\u00fang t\u00f4i gi\u00fap kh\u00e1ch h\u00e0ng c\u1ee7a ch\u00fang t\u00f4i s\u1ed1ng t\u1ed1t v\u00e0 tr\u00f4ng th\u1eadm ch\u00ed c\u00f2n l\u1edbn h\u01a1n.<\/li>\n<li style=\"text-align: justify\">Minh b\u1ea1ch 100% &#8211; Ch\u00fang t\u00f4i cung c\u1ea5p d\u1eef li\u1ec7u khoa h\u1ecdc &amp; nghi\u00ean c\u1ee9u to\u00e0n di\u1ec7n cho kh\u00e1ch h\u00e0ng v\u00e0 nh\u00e0 cung c\u1ea5p d\u1ecbch v\u1ee5 ch\u0103m s\u00f3c s\u1ee9c kh\u1ecfe c\u1ee7a ch\u00fang t\u00f4i \u0111\u1ec3 h\u1ecd c\u00f3 th\u1ec3 \u0111\u01b0a ra quy\u1ebft \u0111\u1ecbnh s\u00e1ng su\u1ed1t v\u1ec1 vi\u1ec7c s\u1eed d\u1ee5ng s\u1ea3n ph\u1ea9m c\u1ee7a ch\u00fang t\u00f4i v\u00ec l\u1ee3i \u00edch s\u1ee9c kh\u1ecfe l\u1edbn h\u01a1n.<\/li>\n<li style=\"text-align: justify\">T\u01b0 v\u1ea5n dinh d\u01b0\u1ee1ng c\u00e1 nh\u00e2n mi\u1ec5n ph\u00ed &#8211; Ch\u00fang t\u00f4i t\u1ef1 h\u00e0o l\u00e0 c\u00f4ng ty duy nh\u1ea5t th\u1ef1c s\u1ef1 cung c\u1ea5p t\u01b0 v\u1ea5n dinh d\u01b0\u1ee1ng to\u00e0n di\u1ec7n v\u1edbi CHI PH\u00cd mi\u1ec5n ph\u00ed.<\/li>\n<li style=\"text-align: justify\">Ch\u00ednh s\u00e1ch ho\u00e0n ti\u1ec1n 100% &#8211; Ch\u00fang t\u00f4i t\u1ef1 h\u00e0o v\u1ec1 s\u1ea3n ph\u1ea9m c\u1ee7a m\u00ecnh v\u00ec l\u1ee3i \u00edch s\u1ee9c kh\u1ecfe to l\u1edbn v\u00e0 ch\u1ea5t l\u01b0\u1ee3ng cao. Ch\u00fang t\u00f4i \u0111\u1ee9ng \u0111\u1eb1ng sau c\u00e1c s\u1ea3n ph\u1ea9m c\u1ee7a ch\u00fang t\u00f4i v\u1edbi ch\u00ednh s\u00e1ch ho\u00e0n l\u1ea1i ti\u1ec1n 100%. Kh\u00f4ng c\u00f3 c\u00e2u h\u1ecfi.<\/li>\n<\/ul>\n<div class=\"row\"  id=\"row-795580985\">\r\n\r\n\n\t<div id=\"col-871419216\" class=\"col small-12 large-12\"  >\n\t\t\t\t<div class=\"col-inner\"  >\n\t\t\t\n\t\t\t\r\n<p style=\"text-align: center\"><img loading=\"lazy\" decoding=\"async\" class=\"size-full wp-image-415 aligncenter\" src=\"https:\/\/bes.com.vn\/wp-content\/uploads\/sites\/62\/2019\/09\/2-1.png\" alt=\"\" width=\"561\" height=\"500\" srcset=\"https:\/\/trangwebvang.net\/bes\/wp-content\/uploads\/sites\/62\/2019\/09\/2-1.png 561w, https:\/\/trangwebvang.net\/bes\/wp-content\/uploads\/sites\/62\/2019\/09\/2-1-500x446.png 500w\" sizes=\"auto, (max-width: 561px) 100vw, 561px\" \/><\/p>\r\n\t\t<\/div>\n\t\t\t\t\t<\/div>\n\n\t\r\n\r\n<\/div>\r\n<div class=\"row\"  id=\"row-1242320324\">\r\n\r\n\n\t<div id=\"col-1839861416\" class=\"col medium-4 small-12 large-4\"  >\n\t\t\t\t<div class=\"col-inner\"  >\n\t\t\t\n\t\t\t\r\n<p style=\"text-align: justify\"><strong>1. DETOX V\u00c0 S\u00c1CH NGAY<\/strong><\/p>\r\n<p style=\"text-align: justify\">BES gi\u1ea3i \u0111\u1ed9c v\u00e0 t\u0103ng c\u01b0\u1eddng h\u1ec7 th\u1ed1ng mi\u1ec5n d\u1ecbch \u0111\u1ec3 th\u00fac \u0111\u1ea9y m\u1ed9t c\u01a1 th\u1ec3 kh\u1ecfe m\u1ea1nh v\u00e0 tr\u00e0n \u0111\u1ea7y n\u0103ng l\u01b0\u1ee3ng. K\u1ef7 ni\u1ec7m c\u01a1 th\u1ec3 kh\u1ecfe m\u1ea1nh v\u00e0 xinh \u0111\u1eb9p c\u1ee7a b\u1ea1n ch\u1ec9 trong 4 tu\u1ea7n<\/p>\r\n\t\t<\/div>\n\t\t\t\t\t<\/div>\n\n\t\r\n\n\t<div id=\"col-536494862\" class=\"col medium-4 small-12 large-4\"  >\n\t\t\t\t<div class=\"col-inner\"  >\n\t\t\t\n\t\t\t\r\n<p style=\"text-align: justify\"><strong>2. T\u00c1I T\u1ea0O DA V\u00c0 C\u01a0 TH\u1ec2<\/strong><\/p>\r\n<p style=\"text-align: justify\">BES Glutathione v\u00e0 5-Brite-Skin Complex ho\u1ea1t \u0111\u1ed9ng \u1edf c\u1ea5p \u0111\u1ed9 t\u1ebf b\u00e0o \u0111\u1ec3 gi\u1ea3m c\u00e1c d\u1ea5u hi\u1ec7u l\u00e3o h\u00f3a: nh\u0103n, t\u0103ng hydrat h\u00f3a, l\u00e0m \u0111\u1ec1u m\u00e0u v\u00e0 l\u00e0m s\u00e1ng da. K\u1ef7 ni\u1ec7m v\u1ebb ngo\u00e0i tr\u1ebb trung v\u00e0 xinh \u0111\u1eb9p c\u1ee7a b\u1ea1n ch\u1ec9 trong 8 tu\u1ea7n.<\/p>\r\n\t\t<\/div>\n\t\t\t\t\t<\/div>\n\n\t\r\n\n\t<div id=\"col-1332511972\" class=\"col medium-4 small-12 large-4\"  >\n\t\t\t\t<div class=\"col-inner\"  >\n\t\t\t\n\t\t\t\r\n<p style=\"text-align: justify\"><strong>3. B\u1ea2O V\u1ec6 DA V\u00c0 C\u01a0 TH\u1ec2<\/strong><\/p>\r\n<p style=\"text-align: justify\">C\u00e1c th\u00e0nh ph\u1ea7n \u0111\u01b0\u1ee3c ch\u1ee9ng minh l\u00e2m s\u00e0ng BES b\u1ea3o v\u1ec7 c\u00e1c t\u1ebf b\u00e0o b\u1eb1ng c\u00e1ch duy tr\u00ec c\u00e2n b\u1eb1ng oxy h\u00f3a kh\u1eed t\u1eeb b\u00ean trong th\u00f4ng qua m\u1ed9t ph\u1ee9c h\u1ee3p \u0111\u1ed9c quy\u1ec1n. B\u1ea1n x\u1ee9ng \u0111\u00e1ng \u0111\u01b0\u1ee3c s\u1ed1ng t\u1ed1t v\u00e0 s\u1ed1ng \u0111\u1eb9p<\/p>\r\n\t\t<\/div>\n\t\t\t\t\t<\/div>\n\n\t\r\n\r\n<\/div>\n\t\t<\/div>\n\t\t\t\t\t<\/div>\n\n\t\n<\/div>\n","protected":false},"excerpt":{"rendered":"\u00a0 \u00a0 \u00a0 BES l\u00e0 m\u1ed9t s\u1ea3n ph\u1ea9m trong d\u00f2ng s\u1ea3n ph\u1ea9m h\u00e0ng \u0111\u1ea7u WellBeauty (Live Well- Live Beautifully) c\u1ee7a ch\u00fang t\u00f4i. BES \u0111\u01b0\u1ee3c th\u1ef1c hi\u1ec7n b\u1edfi v\u00e0 cho th\u1ef1c h\u00e0nh ch\u0103m s\u00f3c s\u1ee9c kh\u1ecfe chuy\u00ean nghi\u1ec7p, kh\u00f4ng ph\u1ea3i th\u1ecb tr\u01b0\u1eddng \u0111\u1ea1i ch\u00fang. Tr\u00ean th\u1ef1c t\u1ebf, c\u00e1c s\u1ea3n ph\u1ea9m c\u1ee7a ch\u00fang t\u00f4i \u0111\u01b0\u1ee3c ph\u00e1t tri\u1ec3n [...]","protected":false},"author":2,"featured_media":0,"parent":0,"menu_order":0,"comment_status":"closed","ping_status":"closed","template":"page-blank.php","meta":{"footnotes":""},"class_list":["post-457","page","type-page","status-publish","hentry"],"_links":{"self":[{"href":"https:\/\/trangwebvang.net\/bes\/wp-json\/wp\/v2\/pages\/457","targetHints":{"allow":["GET"]}}],"collection":[{"href":"https:\/\/trangwebvang.net\/bes\/wp-json\/wp\/v2\/pages"}],"about":[{"href":"https:\/\/trangwebvang.net\/bes\/wp-json\/wp\/v2\/types\/page"}],"author":[{"embeddable":true,"href":"https:\/\/trangwebvang.net\/bes\/wp-json\/wp\/v2\/users\/2"}],"replies":[{"embeddable":true,"href":"https:\/\/trangwebvang.net\/bes\/wp-json\/wp\/v2\/comments?post=457"}],"version-history":[{"count":0,"href":"https:\/\/trangwebvang.net\/bes\/wp-json\/wp\/v2\/pages\/457\/revisions"}],"wp:attachment":[{"href":"https:\/\/trangwebvang.net\/bes\/wp-json\/wp\/v2\/media?parent=457"}],"curies":[{"name":"wp","href":"https:\/\/api.w.org\/{rel}","templated":true}]}}