{"id":458,"date":"2019-09-23T08:27:01","date_gmt":"2019-09-23T08:27:01","guid":{"rendered":"https:\/\/bes.com.vn\/?page_id=458"},"modified":"2019-09-23T12:27:00","modified_gmt":"2019-09-23T12:27:00","slug":"cach-su-dung","status":"publish","type":"page","link":"https:\/\/trangwebvang.net\/bes\/cach-su-dung\/","title":{"rendered":"C\u00e1ch s\u1eed d\u1ee5ng"},"content":{"rendered":"<div class=\"row\"  id=\"row-505308210\">\n\n\t<div id=\"col-456493384\" class=\"col small-12 large-12\"  >\n\t\t\t\t<div class=\"col-inner\"  >\n\t\t\t\n\t\t\t\n<h2>C\u00e1ch s\u1eed d\u1ee5ng BES<\/h2>\n<p style=\"text-align: center\"><img loading=\"lazy\" decoding=\"async\" class=\"size-full wp-image-469 aligncenter\" src=\"https:\/\/bes.com.vn\/wp-content\/uploads\/sites\/62\/2019\/09\/1-7.jpg\" alt=\"\" width=\"1000\" height=\"500\" srcset=\"https:\/\/trangwebvang.net\/bes\/wp-content\/uploads\/sites\/62\/2019\/09\/1-7.jpg 1000w, https:\/\/trangwebvang.net\/bes\/wp-content\/uploads\/sites\/62\/2019\/09\/1-7-500x250.jpg 500w, https:\/\/trangwebvang.net\/bes\/wp-content\/uploads\/sites\/62\/2019\/09\/1-7-768x384.jpg 768w, https:\/\/trangwebvang.net\/bes\/wp-content\/uploads\/sites\/62\/2019\/09\/1-7-380x190.jpg 380w, https:\/\/trangwebvang.net\/bes\/wp-content\/uploads\/sites\/62\/2019\/09\/1-7-660x330.jpg 660w, https:\/\/trangwebvang.net\/bes\/wp-content\/uploads\/sites\/62\/2019\/09\/1-7-800x400.jpg 800w, https:\/\/trangwebvang.net\/bes\/wp-content\/uploads\/sites\/62\/2019\/09\/1-7-380x190@2x.jpg 760w\" sizes=\"auto, (max-width: 1000px) 100vw, 1000px\" \/><\/p>\n<p>&nbsp;<\/p>\n<p style=\"text-align: center\">\u0110\u1ed1i v\u1edbi ng\u01b0\u1eddi l\u1edbn u\u1ed1ng 2 vi\u00ean m\u1ed7i ng\u00e0y v\u00e0o bu\u1ed5i s\u00e1ng c\u00f3 ho\u1eb7c kh\u00f4ng c\u00f3 th\u1ee9c \u0103n. \u0110\u1ec3 c\u00f3 k\u1ebft qu\u1ea3 t\u1ed1t nh\u1ea5t, s\u1eed d\u1ee5ng nh\u1ea5t qu\u00e1n trong h\u01a1n 6 th\u00e1ng.<\/p>\n\t\t<\/div>\n\t\t\t\t\t<\/div>\n\n\t\n<\/div>\n<div class=\"row\"  id=\"row-1766148873\">\n\n\t<div id=\"col-814688362\" class=\"col medium-8 small-12 large-8\"  >\n\t\t\t\t<div class=\"col-inner\"  >\n\t\t\t\n\t\t\t\n<table style=\"height: 210px;width: 100%;border-collapse: collapse\">\n<tbody>\n<tr style=\"height: 63px\">\n<td style=\"width: 65%;height: 63px;background-color: #491355\"><span style=\"color: #ffffff\"><strong>\u00a0 \u00a0K\u00cdCH TH\u01af\u1edaC PH\u1ee4C V\u1ee4: 2 VI\u00caN PH\u1ee4C V\u1ee4<\/strong><\/span><br \/><span style=\"color: #ffffff\"><strong>\u00a0 \u00a0M\u1ed6I CONTAINER: 30<\/strong><\/span><\/td>\n<td style=\"width: 20%;height: 63px;background-color: #491355;text-align: center\"><span style=\"color: #ffffff\"><strong>\u0110\u1ed0I V\u1edaI VI\u00caN NAN<\/strong><\/span><\/td>\n<td style=\"width: 15%;height: 63px;background-color: #491355\"><span style=\"color: #ffffff\"><strong>DV%<\/strong><\/span><\/td>\n<\/tr>\n<tr style=\"height: 21px\">\n<td style=\"width: 33.3333%;height: 21px\">Setria\u00ae Glutathione (Gi\u1ea3m L-Glutathione)<\/td>\n<td style=\"width: 33.3333%;height: 21px\">250 mg<\/td>\n<td style=\"width: 33.3333%;height: 21px\">\u00a0<\/td>\n<\/tr>\n<tr style=\"height: 21px\">\n<td style=\"width: 33.3333%;height: 21px;background-color: #f7f7f7\">H\u1ed7n h\u1ee3p \u0111\u1ed9c quy\u1ec1n 5-BRITE-Skin<\/td>\n<td style=\"width: 33.3333%;height: 21px;background-color: #f7f7f7\">\u00a0<\/td>\n<td style=\"width: 33.3333%;height: 21px;background-color: #f7f7f7\">\u00a0<\/td>\n<\/tr>\n<tr style=\"height: 21px\">\n<td style=\"width: 33.3333%;height: 21px\">Collagen th\u1ee7y ph\u00e2n<\/td>\n<td style=\"width: 33.3333%;height: 21px\">\u00a0250 mg<\/td>\n<td style=\"width: 33.3333%;height: 21px\">++<\/td>\n<\/tr>\n<tr style=\"height: 21px\">\n<td style=\"width: 33.3333%;height: 21px;background-color: #f7f7f7\">Vitamin C<\/td>\n<td style=\"width: 33.3333%;height: 21px;background-color: #f7f7f7\">125 mg<\/td>\n<td style=\"width: 33.3333%;height: 21px;background-color: #f7f7f7\">208%<\/td>\n<\/tr>\n<tr style=\"height: 21px\">\n<td style=\"width: 33.3333%;height: 21px\">Axit Alpha-Lipoic<\/td>\n<td style=\"width: 33.3333%;height: 21px\">25 mg<\/td>\n<td style=\"width: 33.3333%;height: 21px\">++<\/td>\n<\/tr>\n<tr style=\"height: 21px\">\n<td style=\"width: 33.3333%;height: 21px;background-color: #f7f7f7\">Chi\u1ebft xu\u1ea5t h\u1ea1t nho<\/td>\n<td style=\"width: 33.3333%;height: 21px;background-color: #f7f7f7\">10 mg<\/td>\n<td style=\"width: 33.3333%;height: 21px;background-color: #f7f7f7\">++<\/td>\n<\/tr>\n<tr style=\"height: 21px\">\n<td style=\"width: 33.3333%;height: 21px\">Chi\u1ebft xu\u1ea5t t\u1eeb \u200b\u200bqu\u1ea3 l\u1ef1u<\/td>\n<td style=\"width: 33.3333%;height: 21px\">10 mg<\/td>\n<td style=\"width: 33.3333%;height: 21px\">++<\/td>\n<\/tr>\n<\/tbody>\n<\/table>\n<p>\u00a0<\/p>\n<table style=\"border-collapse: collapse;width: 100%\">\n<tbody>\n<tr>\n<td style=\"width: 100%;background-color: #491355\"><span style=\"color: #ffffff\"><strong>\u00a0 \u00a0** PH\u1ea6N TR\u0102M GI\u00c1 TR\u1eca H\u00c0NG NG\u00c0Y D\u1ef0A TR\u00caN CH\u1ebe \u0110\u1ed8 \u0102N 2000 CALO<\/strong><\/span><br \/><span style=\"color: #ffffff\"><strong>\u00a0 \u00a0++ GI\u00c1 TR\u1eca H\u00c0NG NG\u00c0Y KH\u00d4NG \u0110\u01af\u1ee2C THI\u1ebeT L\u1eacP<\/strong><\/span><\/td>\n<\/tr>\n<\/tbody>\n<\/table>\n<p style=\"text-align: justify\">Th\u00e0nh ph\u1ea7n kh\u00e1c: Magi\u00ea th\u1ef1c v\u1eadt Stearate USP<\/p>\n<p style=\"text-align: justify\">H\u01b0\u1edbng d\u1eabn: D\u00e0nh cho ng\u01b0\u1eddi l\u1edbn u\u1ed1ng 2 vi\u00ean m\u1ed7i ng\u00e0y v\u00e0o bu\u1ed5i s\u00e1ng c\u00f3 ho\u1eb7c kh\u00f4ng c\u00f3 th\u1ee9c \u0103n.<\/p>\n<p style=\"text-align: justify\">GI\u1eee S\u1ea2N PH\u1ea8M N\u00c0Y RA KH\u1eceI REACH C\u1ee6A TR\u1eba EM. C\u1eecA H\u00c0NG \u1ede M\u1ed8T N\u01a0I KH\u00d4 V\u00c0 COOL. TR\u00c1NH S\u1ee8C KH\u1eceE TUY\u1ec6T V\u1edcI. KH\u00d4NG S\u1eec D\u1ee4NG N\u1ebeU SEAL D\u01af\u1edaI \u0110\u00c2Y L\u00c0 M\u00d4I GI\u1edaI HO\u1eb6C S\u1ee8 M\u1ec6NH.<\/p>\n<p style=\"text-align: justify\">* Nh\u1eefng tuy\u00ean b\u1ed1 n\u00e0y ch\u01b0a \u0111\u01b0\u1ee3c FDA \u0111\u00e1nh gi\u00e1. S\u1ea3n ph\u1ea9m n\u00e0y kh\u00f4ng nh\u1eb1m m\u1ee5c \u0111\u00edch ch\u1ea9n \u0111o\u00e1n, \u0111i\u1ec1u tr\u1ecb, ch\u1eefa b\u1ec7nh ho\u1eb7c ph\u00f2ng ng\u1eeba b\u1ea5t k\u1ef3 b\u1ec7nh n\u00e0o.<\/p>\n\t\t<\/div>\n\t\t\t\t\t<\/div>\n\n\t\n\n\t<div id=\"col-200455488\" class=\"col medium-4 small-12 large-4\"  >\n\t\t\t\t<div class=\"col-inner\"  >\n\t\t\t\n\t\t\t\n<p style=\"text-align: center\"><img loading=\"lazy\" decoding=\"async\" class=\"size-full wp-image-470 aligncenter\" src=\"https:\/\/bes.com.vn\/wp-content\/uploads\/sites\/62\/2019\/09\/1-8.png\" alt=\"\" width=\"305\" height=\"165\" \/><\/p>\n<p style=\"text-align: center\"><img loading=\"lazy\" decoding=\"async\" class=\"alignleft size-full wp-image-471\" src=\"https:\/\/bes.com.vn\/wp-content\/uploads\/sites\/62\/2019\/09\/1-9.png\" alt=\"\" width=\"234\" height=\"162\" \/><\/p>\n\t\t<\/div>\n\t\t\t\t\t<\/div>\n\n\t\n<\/div>\n","protected":false},"excerpt":{"rendered":"C\u00e1ch s\u1eed d\u1ee5ng BES &nbsp; \u0110\u1ed1i v\u1edbi ng\u01b0\u1eddi l\u1edbn u\u1ed1ng 2 vi\u00ean m\u1ed7i ng\u00e0y v\u00e0o bu\u1ed5i s\u00e1ng c\u00f3 ho\u1eb7c kh\u00f4ng c\u00f3 th\u1ee9c \u0103n. \u0110\u1ec3 c\u00f3 k\u1ebft qu\u1ea3 t\u1ed1t nh\u1ea5t, s\u1eed d\u1ee5ng nh\u1ea5t qu\u00e1n trong h\u01a1n 6 th\u00e1ng. \u00a0 \u00a0K\u00cdCH TH\u01af\u1edaC PH\u1ee4C V\u1ee4: 2 VI\u00caN PH\u1ee4C V\u1ee4\u00a0 \u00a0M\u1ed6I CONTAINER: 30 \u0110\u1ed0I V\u1edaI VI\u00caN NAN DV% Setria\u00ae [...]","protected":false},"author":2,"featured_media":0,"parent":0,"menu_order":0,"comment_status":"closed","ping_status":"closed","template":"page-blank.php","meta":{"footnotes":""},"class_list":["post-458","page","type-page","status-publish","hentry"],"_links":{"self":[{"href":"https:\/\/trangwebvang.net\/bes\/wp-json\/wp\/v2\/pages\/458","targetHints":{"allow":["GET"]}}],"collection":[{"href":"https:\/\/trangwebvang.net\/bes\/wp-json\/wp\/v2\/pages"}],"about":[{"href":"https:\/\/trangwebvang.net\/bes\/wp-json\/wp\/v2\/types\/page"}],"author":[{"embeddable":true,"href":"https:\/\/trangwebvang.net\/bes\/wp-json\/wp\/v2\/users\/2"}],"replies":[{"embeddable":true,"href":"https:\/\/trangwebvang.net\/bes\/wp-json\/wp\/v2\/comments?post=458"}],"version-history":[{"count":0,"href":"https:\/\/trangwebvang.net\/bes\/wp-json\/wp\/v2\/pages\/458\/revisions"}],"wp:attachment":[{"href":"https:\/\/trangwebvang.net\/bes\/wp-json\/wp\/v2\/media?parent=458"}],"curies":[{"name":"wp","href":"https:\/\/api.w.org\/{rel}","templated":true}]}}