{"id":484,"date":"2019-10-30T07:46:20","date_gmt":"2019-10-30T07:46:20","guid":{"rendered":"https:\/\/bes.com.vn\/?page_id=484"},"modified":"2019-10-30T08:15:12","modified_gmt":"2019-10-30T08:15:12","slug":"trang-chu-luu-2019","status":"publish","type":"page","link":"https:\/\/trangwebvang.net\/bes\/trang-chu-luu-2019\/","title":{"rendered":"Trang ch\u1ee7 l\u01b0u 2019"},"content":{"rendered":"<section class=\"wpb-content-wrapper\">[vc_row][vc_column]\n\t\t\t<!-- START Slider 1 REVOLUTION SLIDER 6.6.13 --><p class=\"rs-p-wp-fix\"><\/p>\n\t\t\t<rs-module-wrap id=\"rev_slider_1_1_wrapper\" data-source=\"gallery\" style=\"visibility:hidden;background:transparent;padding:0;margin:0px auto;margin-top:0;margin-bottom:0;\">\n\t\t\t\t<rs-module id=\"rev_slider_1_1\" style=\"\" data-version=\"6.6.13\">\n\t\t\t\t\t<rs-slides style=\"overflow: hidden; position: absolute;\">\n\t\t\t\t\t\t<rs-slide style=\"position: absolute;\" data-key=\"rs-1\" data-title=\"Slide\" data-thumb=\"\/\/cdn.trangwebvang.net\/wp-content\/uploads\/sites\/62\/2019\/09\/17184144\/Klimaat-Cover-Pic-1.jpg\" data-anim=\"ms:1000;r:0;\" data-in=\"o:0;\" data-out=\"a:false;\">\n\t\t\t\t\t\t\t<img decoding=\"async\" src=\"\/\/trangwebvang.net\/bes\/wp-content\/plugins\/revslider\/public\/assets\/assets\/dummy.png\" alt=\"\" title=\"Klimaat-Cover-Pic-1\" width=\"1920\" height=\"889\" class=\"rev-slidebg tp-rs-img rs-lazyload\" data-lazyload=\"\/\/cdn.trangwebvang.net\/wp-content\/uploads\/sites\/62\/2019\/09\/17184144\/Klimaat-Cover-Pic-1.jpg\" data-no-retina>\n<!--\n\t\t\t\t\t\t\t--><rs-layer\n\t\t\t\t\t\t\t\tid=\"slider-1-slide-1-layer-0\" \n\t\t\t\t\t\t\t\tdata-type=\"text\"\n\t\t\t\t\t\t\t\tdata-color=\"#000000\"\n\t\t\t\t\t\t\t\tdata-rsp_ch=\"on\"\n\t\t\t\t\t\t\t\tdata-xy=\"x:88px;y:178px;\"\n\t\t\t\t\t\t\t\tdata-text=\"w:nowrap;s:40;l:60;ls:1;fw:500;a:center;\"\n\t\t\t\t\t\t\t\tdata-dim=\"h:131px;minh:0;\"\n\t\t\t\t\t\t\t\tdata-frame_0=\"x:right;\"\n\t\t\t\t\t\t\t\tdata-frame_1=\"sp:1000;\"\n\t\t\t\t\t\t\t\tdata-frame_999=\"o:0;st:w;\"\n\t\t\t\t\t\t\t\tstyle=\"z-index:5;font-family:'Roboto';\"\n\t\t\t\t\t\t\t>H\u1ed6 TR\u1ee2 L\u00c0M S\u00c1NG DA, <br \/>\nGI\u1ea2M S\u1ea0M & N\u00c1M DA \n\t\t\t\t\t\t\t<\/rs-layer><!--\n\n\t\t\t\t\t\t\t--><a\n\t\t\t\t\t\t\t\tid=\"slider-1-slide-1-layer-1\" \n\t\t\t\t\t\t\t\tclass=\"rs-layer rev-btn\"\n\t\t\t\t\t\t\t\thref=\"https:\/\/bes.com.vn\/mua-hang\/\" target=\"_self\" rel=\"nofollow\"\n\t\t\t\t\t\t\t\tdata-type=\"button\"\n\t\t\t\t\t\t\t\tdata-color=\"#ffffff\"\n\t\t\t\t\t\t\t\tdata-rsp_ch=\"on\"\n\t\t\t\t\t\t\t\tdata-xy=\"x:90px;y:323px;\"\n\t\t\t\t\t\t\t\tdata-text=\"w:normal;s:17;l:20;ls:1;\"\n\t\t\t\t\t\t\t\tdata-dim=\"minh:0px;\"\n\t\t\t\t\t\t\t\tdata-padding=\"t:12;r:35;b:12;l:35;\"\n\t\t\t\t\t\t\t\tdata-border=\"bor:30px,30px,30px,30px;\"\n\t\t\t\t\t\t\t\tdata-frame_0=\"x:right;\"\n\t\t\t\t\t\t\t\tdata-frame_1=\"sp:1000;\"\n\t\t\t\t\t\t\t\tdata-frame_999=\"o:0;st:w;\"\n\t\t\t\t\t\t\t\tdata-frame_hover=\"bgc:#491355;bor:30px,30px,30px,30px;sp:200;\"\n\t\t\t\t\t\t\t\tstyle=\"z-index:6;background-color:rgba(0,0,0,0.75);font-family:'Roboto';text-transform:uppercase;\"\n\t\t\t\t\t\t\t>\u0110\u1eb7t mua s\u1ea3n ph\u1ea9m <i class=\"fa-chevron-right\"><\/i> \n\t\t\t\t\t\t\t<\/a><!--\n-->\t\t\t\t\t\t<\/rs-slide>\n\t\t\t\t\t\t<rs-slide style=\"position: absolute;\" data-key=\"rs-3\" data-title=\"Slide\" data-thumb=\"\/\/cdn.trangwebvang.net\/wp-content\/uploads\/sites\/62\/2019\/09\/17185123\/Slider1_optimize.jpg\" data-anim=\"ms:1000;r:0;\" data-in=\"o:0;\" data-out=\"a:false;\">\n\t\t\t\t\t\t\t<img decoding=\"async\" src=\"\/\/trangwebvang.net\/bes\/wp-content\/plugins\/revslider\/public\/assets\/assets\/dummy.png\" alt=\"\" title=\"Slider1_optimize\" width=\"1385\" height=\"720\" class=\"rev-slidebg tp-rs-img rs-lazyload\" data-lazyload=\"\/\/cdn.trangwebvang.net\/wp-content\/uploads\/sites\/62\/2019\/09\/17185123\/Slider1_optimize.jpg\" data-no-retina>\n<!--\n\t\t\t\t\t\t\t--><rs-layer\n\t\t\t\t\t\t\t\tid=\"slider-1-slide-3-layer-3\" \n\t\t\t\t\t\t\t\tdata-type=\"text\"\n\t\t\t\t\t\t\t\tdata-color=\"#000000\"\n\t\t\t\t\t\t\t\tdata-rsp_ch=\"on\"\n\t\t\t\t\t\t\t\tdata-xy=\"x:132px;y:188px;\"\n\t\t\t\t\t\t\t\tdata-text=\"w:normal;s:40;l:60;a:center;\"\n\t\t\t\t\t\t\t\tdata-frame_0=\"x:right;\"\n\t\t\t\t\t\t\t\tdata-frame_1=\"sp:1000;\"\n\t\t\t\t\t\t\t\tdata-frame_999=\"o:0;st:w;\"\n\t\t\t\t\t\t\t\tstyle=\"z-index:6;font-family:'Roboto';\"\n\t\t\t\t\t\t\t>GI\u00daP DA C\u0102NG M\u1eccNG,<br \/>\nGI\u1ea2M N\u1ebeP NH\u0102N \n\t\t\t\t\t\t\t<\/rs-layer><!--\n\n\t\t\t\t\t\t\t--><a\n\t\t\t\t\t\t\t\tid=\"slider-1-slide-3-layer-5\" \n\t\t\t\t\t\t\t\tclass=\"rs-layer rev-btn\"\n\t\t\t\t\t\t\t\thref=\"https:\/\/bes.com.vn\/mua-hang\/\" target=\"_self\" rel=\"nofollow\"\n\t\t\t\t\t\t\t\tdata-type=\"button\"\n\t\t\t\t\t\t\t\tdata-color=\"#ffffff\"\n\t\t\t\t\t\t\t\tdata-rsp_ch=\"on\"\n\t\t\t\t\t\t\t\tdata-xy=\"x:133px;y:323px;\"\n\t\t\t\t\t\t\t\tdata-text=\"w:normal;s:17;l:20;ls:1;\"\n\t\t\t\t\t\t\t\tdata-dim=\"minh:0px;\"\n\t\t\t\t\t\t\t\tdata-padding=\"t:12;r:35;b:12;l:35;\"\n\t\t\t\t\t\t\t\tdata-border=\"bor:30px,30px,30px,30px;\"\n\t\t\t\t\t\t\t\tdata-frame_0=\"x:50;\"\n\t\t\t\t\t\t\t\tdata-frame_1=\"sp:1000;\"\n\t\t\t\t\t\t\t\tdata-frame_999=\"o:0;st:w;\"\n\t\t\t\t\t\t\t\tdata-frame_hover=\"bgc:#491355;bor:30px,30px,30px,30px;sp:200;\"\n\t\t\t\t\t\t\t\tstyle=\"z-index:5;background-color:rgba(0,0,0,0.75);font-family:'Roboto';text-transform:uppercase;\"\n\t\t\t\t\t\t\t>\u0110\u1eb7t mua s\u1ea3n ph\u1ea9m <i class=\"fa-chevron-right\"><\/i> \n\t\t\t\t\t\t\t<\/a><!--\n-->\t\t\t\t\t\t<\/rs-slide>\n\t\t\t\t\t\t<rs-slide style=\"position: absolute;\" data-key=\"rs-4\" data-title=\"Slide\" data-thumb=\"\/\/cdn.trangwebvang.net\/wp-content\/uploads\/sites\/62\/2019\/09\/17185350\/1.jpg\" data-anim=\"ms:1000;r:0;\" data-in=\"o:0;\" data-out=\"a:false;\">\n\t\t\t\t\t\t\t<img decoding=\"async\" src=\"\/\/trangwebvang.net\/bes\/wp-content\/plugins\/revslider\/public\/assets\/assets\/dummy.png\" alt=\"\" title=\"1\" width=\"1633\" height=\"721\" class=\"rev-slidebg tp-rs-img rs-lazyload\" data-lazyload=\"\/\/cdn.trangwebvang.net\/wp-content\/uploads\/sites\/62\/2019\/09\/17185350\/1.jpg\" data-no-retina>\n<!--\n\t\t\t\t\t\t\t--><rs-layer\n\t\t\t\t\t\t\t\tid=\"slider-1-slide-4-layer-6\" \n\t\t\t\t\t\t\t\tdata-type=\"text\"\n\t\t\t\t\t\t\t\tdata-color=\"#000000\"\n\t\t\t\t\t\t\t\tdata-rsp_ch=\"on\"\n\t\t\t\t\t\t\t\tdata-xy=\"x:761px;y:215px;\"\n\t\t\t\t\t\t\t\tdata-text=\"w:normal;s:40;l:60;ls:1;fw:500;a:center;\"\n\t\t\t\t\t\t\t\tdata-dim=\"minh:0px;\"\n\t\t\t\t\t\t\t\tdata-frame_0=\"x:left;\"\n\t\t\t\t\t\t\t\tdata-frame_1=\"sp:1000;\"\n\t\t\t\t\t\t\t\tdata-frame_999=\"o:0;st:w;\"\n\t\t\t\t\t\t\t\tstyle=\"z-index:5;font-family:'Roboto';\"\n\t\t\t\t\t\t\t>D\u01af\u1ee0NG \u1ea8M, KH\u1eceE DA,<br \/>\nCH\u1ed0NG L\u00c3O H\u00d3A DA \n\t\t\t\t\t\t\t<\/rs-layer><!--\n\n\t\t\t\t\t\t\t--><a\n\t\t\t\t\t\t\t\tid=\"slider-1-slide-4-layer-7\" \n\t\t\t\t\t\t\t\tclass=\"rs-layer rev-btn\"\n\t\t\t\t\t\t\t\thref=\"https:\/\/bes.com.vn\/mua-hang\/\" target=\"_self\" rel=\"nofollow\"\n\t\t\t\t\t\t\t\tdata-type=\"button\"\n\t\t\t\t\t\t\t\tdata-color=\"#ffffff\"\n\t\t\t\t\t\t\t\tdata-rsp_ch=\"on\"\n\t\t\t\t\t\t\t\tdata-xy=\"x:905px;y:359px;\"\n\t\t\t\t\t\t\t\tdata-text=\"w:normal;s:17;l:20;ls:1;\"\n\t\t\t\t\t\t\t\tdata-dim=\"minh:0px;\"\n\t\t\t\t\t\t\t\tdata-padding=\"t:12;r:35;b:12;l:35;\"\n\t\t\t\t\t\t\t\tdata-border=\"bor:30px,30px,30px,30px;\"\n\t\t\t\t\t\t\t\tdata-frame_0=\"x:left;\"\n\t\t\t\t\t\t\t\tdata-frame_1=\"sp:1000;\"\n\t\t\t\t\t\t\t\tdata-frame_999=\"o:0;st:w;\"\n\t\t\t\t\t\t\t\tdata-frame_hover=\"bgc:#491355;bor:30px,30px,30px,30px;sp:200;\"\n\t\t\t\t\t\t\t\tstyle=\"z-index:6;background-color:rgba(0,0,0,0.75);font-family:'Roboto';text-transform:uppercase;\"\n\t\t\t\t\t\t\t>\u0110\u1eb7t mua s\u1ea3n ph\u1ea9m <i class=\"fa-chevron-right\"><\/i> \n\t\t\t\t\t\t\t<\/a><!--\n-->\t\t\t\t\t\t<\/rs-slide>\n\t\t\t\t\t<\/rs-slides>\n\t\t\t\t\t<rs-static-layers><!--\n\t\t\t\t\t--><\/rs-static-layers>\n\t\t\t\t<\/rs-module>\n\t\t\t\t<script>\n\t\t\t\t\tsetREVStartSize({c: 'rev_slider_1_1',rl:[1240,1024,778,480],el:[720],gw:[1240],gh:[720],type:'standard',justify:'',layout:'fullwidth',mh:\"0\"});if (window.RS_MODULES!==undefined && window.RS_MODULES.modules!==undefined && window.RS_MODULES.modules[\"revslider11\"]!==undefined) {window.RS_MODULES.modules[\"revslider11\"].once = false;window.revapi1 = undefined;if (window.RS_MODULES.checkMinimal!==undefined) window.RS_MODULES.checkMinimal()}\n\t\t\t\t<\/script>\n\t\t\t<\/rs-module-wrap>\n\t\t\t<!-- END REVOLUTION SLIDER -->\n[\/vc_column][\/vc_row][vc_row full_width=&#8221;stretch_row&#8221; css=&#8221;.vc_custom_1568904795413{margin: 0px !important;padding: 0px !important;background-color: #f7f7f7 !important;border: 0px initial !important;}&#8221;][vc_column][vc_single_image image=&#8221;400&#8243; img_size=&#8221;full&#8221; alignment=&#8221;center&#8221;][\/vc_column][\/vc_row][vc_row][vc_column width=&#8221;1\/2&#8243;][vc_column_text]\n<p style=\"text-align: center\"><span style=\"font-size: 200%\">S\u1ef1 \u0111\u1ed5i m\u1edbi<\/span><\/p>\n<p style=\"text-align: center\"><img loading=\"lazy\" decoding=\"async\" class=\"size-full wp-image-403 aligncenter\" src=\"https:\/\/bes.com.vn\/wp-content\/uploads\/sites\/62\/2019\/09\/1.png\" alt=\"\" width=\"90\" height=\"90\" \/><\/p>\n<p style=\"text-align: center\"><span style=\"font-size: 200%\"><strong>Gi\u1ea3i ph\u00e1p s\u1ed1 1<\/strong><\/span><\/p>\n<p style=\"text-align: center\">L\u00e0m \u0111\u1eb9p &amp; ch\u1ed1ng l\u00e3o h\u00f3a da<\/p>\n[\/vc_column_text][vc_column_text]\n<p style=\"text-align: center\"><span style=\"font-size: 200%\">Ni\u1ec1m tin<\/span><\/p>\n<p style=\"text-align: center\"><img loading=\"lazy\" decoding=\"async\" class=\"wp-image-406 size-full aligncenter\" src=\"https:\/\/bes.com.vn\/wp-content\/uploads\/sites\/62\/2019\/09\/3.png\" alt=\"\" width=\"90\" height=\"90\" \/><\/p>\n<p style=\"text-align: center\"><span style=\"font-size: 200%\"><strong>2.1 tri\u1ec7u<\/strong><\/span><\/p>\n<p style=\"text-align: center\">H\u01a1n 2.1 tri\u1ec7u \u0111\u01a1n v\u1ecb \u0111\u01b0\u1ee3c b\u00e1n tr\u00ean to\u00e0n th\u1ebf gi\u1edbi<\/p>\n[\/vc_column_text][\/vc_column][vc_column width=&#8221;1\/2&#8243;][vc_column_text]\n<p style=\"text-align: center\"><span style=\"font-size: 200%\">D\u1ef1a tr\u00ean ch\u1ee9ng c\u1ee9 khoa h\u1ecdc<\/span><\/p>\n[\/vc_column_text][stat_counter icon_type=&#8221;custom&#8221; icon_img=&#8221;404&#8243; img_width=&#8221;90&#8243; counter_title=&#8221;164,876 Nghi\u00ean c\u1ee9u khoa h\u1ecdc&#8221; counter_value=&#8221;164876&#8243; speed=&#8221;3&#8243;][vc_column_text]\n<p style=\"text-align: center\"><span style=\"font-size: 200%\">L\u00e0m tr\u1eafng<\/span><\/p>\n[\/vc_column_text][stat_counter icon_type=&#8221;custom&#8221; icon_img=&#8221;407&#8243; img_width=&#8221;90&#8243; counter_title=&#8221;100% ch\u1ee7 \u0111\u1ec1 trong c\u00e1c nghi\u00ean c\u1ee9u l\u00e2m s\u00e0ng cho th\u1ea5y r\u1eb1ng ch\u1ec9 s\u1ed1 melanin v\u00e0 c\u00e1c v\u1ebft \u0111\u1ed1m tr\u00ean da do tia UV \u00edt h\u01a1n sau 4-12 tu\u1ea7n.&#8221; counter_value=&#8221;100&#8243; counter_suffix=&#8221;%&#8221; speed=&#8221;2&#8243; css_stat_counter=&#8221;.vc_custom_1568891983113{margin: 0px !important;padding: 0px !important;}&#8221;][\/vc_column][\/vc_row][vc_row][vc_column width=&#8221;1\/2&#8243;][rrj_bar_chart title=&#8221;Ch\u1ec9 s\u1ed1 l\u00e0m tr\u1eafng \/ 3-6 th\u00e1ng&#8221; labels=&#8221;Face*;Sun-exposed arm*;Sun-protected arm*&#8221; datasets=&#8221;%5B%7B%22tooltips_format%22%3A%22%7Bd%7D%3A%20%7By%7D%22%2C%22values%22%3A%2218%3B32%3B15%22%2C%22color%22%3A%22%23f8b54f%22%2C%22bar_bg%22%3A%22plain%22%7D%5D&#8221; legend=&#8221;&#8221;][vc_column_text]GSH so v\u1edbi gi\u1ea3 d\u01b0\u1ee3c tr\u01b0\u1edbc v\u00e0 sau khi \u0111i\u1ec1u tr\u1ecb \u0111\u01b0\u1ee3c t\u00ednh to\u00e1n b\u1eb1ng ph\u00e2n t\u00edch GEE.[\/vc_column_text][\/vc_column][vc_column width=&#8221;1\/2&#8243;][rrj_bar_chart title=&#8221;L\u01b0\u1ee3ng Glutathione trong m\u00e1u to\u00e0n ph\u1ea7n \/ 6 th\u00e1ng&#8221; labels=&#8221;Placebo;Setria&#8221; datasets=&#8221;%5B%7B%22tooltips_format%22%3A%22%7By%7D%22%2C%22values%22%3A%228%3B35%22%2C%22color%22%3A%22%235aa1e3%22%2C%22bar_bg%22%3A%22plain%22%7D%5D&#8221; legend=&#8221;&#8221; legend_position=&#8221;top&#8221; legend_style=&#8221;point&#8221; legend_onclick=&#8221;&#8221; tooltip_mode=&#8221;nearest&#8221;][vc_column_text]Glutathione t\u0103ng 35% trong \u00a0m\u00e1u \u00a0to\u00e0n ph\u1ea7n\u00a0 sau\u00a0 6 th\u00e1ng[\/vc_column_text][\/vc_column][\/vc_row][vc_row][vc_column width=&#8221;1\/2&#8243;][rrj_bar_chart title=&#8221;Glutathion trong h\u1ed3ng c\u1ea7u\/ 6 th\u00e1ng&#8221; labels=&#8221;Placebo;Setria&#8221; datasets=&#8221;%5B%7B%22title%22%3A%22One%22%2C%22tooltips_format%22%3A%22%7By%7D%22%2C%22values%22%3A%228%3B30%22%2C%22color%22%3A%22%236dab3c%22%2C%22bar_bg%22%3A%22plain%22%7D%5D&#8221; legend=&#8221;&#8221; legend_position=&#8221;top&#8221; legend_style=&#8221;point&#8221; legend_onclick=&#8221;&#8221; tooltip_mode=&#8221;nearest&#8221;][vc_column_text]T\u0103ng 30% glutathione trong c\u00e1c t\u1ebf b\u00e0o h\u1ed3ng c\u1ea7u sau\u00a0 6 th\u00e1ng[\/vc_column_text][\/vc_column][vc_column width=&#8221;1\/2&#8243;][rrj_bar_chart title=&#8221;Glutathione trong t\u1ebf b\u00e0o Buccal \/ 6 th\u00e1ng&#8221; legend=&#8221;&#8221; legend_onclick=&#8221;&#8221; tooltip_mode=&#8221;nearest&#8221; axes_color=&#8221;&#8221;][vc_column_text]T\u0103ng 260% glutathione trong c\u00e1c t\u1ebf b\u00e0o Buccal sau\u00a0 6 th\u00e1ng[\/vc_column_text][\/vc_column][\/vc_row][vc_row][vc_column width=&#8221;1\/2&#8243;][vc_single_image image=&#8221;437&#8243; img_size=&#8221;full&#8221;][\/vc_column][vc_column width=&#8221;1\/2&#8243;][memorylinesimple data___animation=&#8221;true&#8221; columns=&#8221;2&#8243; contentargs=&#8221;%5B%7B%22title%22%3A%22Th%C3%A1ng%201%22%2C%22content%22%3A%22L%C3%A0m%20m%E1%BB%8Bn%20da%22%2C%22titlecolor%22%3A%22%23333333%22%2C%22textcolor%22%3A%22%23491355%22%2C%22data___dot_time%22%3A%22100%22%2C%22data___line_time%22%3A%22600%22%7D%2C%7B%22title%22%3A%22Th%C3%A1ng%202%22%2C%22content%22%3A%22Gi%E1%BA%A3i%20%C4%91%E1%BB%99c%20gan%20v%C3%A0%20t%C4%83ng%20c%C6%B0%E1%BB%9Dng%20mi%E1%BB%85n%20d%E1%BB%8Bch%22%2C%22titlecolor%22%3A%22%23333333%22%2C%22textcolor%22%3A%22%23491355%22%2C%22data___dot_time%22%3A%22100%22%2C%22data___line_time%22%3A%22600%22%7D%2C%7B%22title%22%3A%22Th%C3%A1ng%203%22%2C%22content%22%3A%22T%C4%83ng%20%C4%91%E1%BB%99%20%C4%91%C3%A0n%20h%E1%BB%93i%22%2C%22titlecolor%22%3A%22%23333333%22%2C%22textcolor%22%3A%22%23491355%22%2C%22data___dot_time%22%3A%22100%22%2C%22data___line_time%22%3A%22600%22%7D%2C%7B%22title%22%3A%22Th%C3%A1ng%204%22%2C%22content%22%3A%22Gi%E1%BA%A3m%20n%E1%BA%BFp%20nh%C4%83n%20v%C3%A0%20t%C4%83ng%20%C4%91%E1%BB%99%20%C4%91%C3%A0n%20h%E1%BB%93i%22%2C%22titlecolor%22%3A%22%23333333%22%2C%22textcolor%22%3A%22%23491355%22%2C%22data___dot_time%22%3A%22100%22%2C%22data___line_time%22%3A%22600%22%7D%2C%7B%22title%22%3A%22Th%C3%A1ng%205%22%2C%22content%22%3A%22T%C3%B4ng%20m%C3%A0u%20s%C3%A1ng%22%2C%22titlecolor%22%3A%22%23333333%22%2C%22textcolor%22%3A%22%23491355%22%2C%22data___dot_time%22%3A%22100%22%2C%22data___line_time%22%3A%22600%22%7D%2C%7B%22title%22%3A%22K%E1%BB%B7%20ni%E1%BB%87m%22%2C%22content%22%3A%22B%E1%BA%A1n%20tr%E1%BA%BB%20v%C3%A0%20kh%E1%BB%8Fe%20nh%E1%BA%A5t%22%2C%22titlecolor%22%3A%22%23333333%22%2C%22textcolor%22%3A%22%23491355%22%2C%22data___dot_time%22%3A%22100%22%2C%22data___line_time%22%3A%22600%22%7D%5D&#8221; data___dot_offset_x=&#8221;-5&#8243; data___dot_offset_y=&#8221;-10&#8243; data___dot_radius=&#8221;0&#8243; data___line_width=&#8221;5&#8243; data___line_type=&#8221;butt&#8221; data___line_dash=&#8221;line&#8221; data___line_color=&#8221;#e2e2e2&#8243; data___dot_color=&#8221;#491355&#8243;][\/vc_column][\/vc_row][vc_row][vc_column][vc_column_text]\n<p style=\"text-align: center\"><img loading=\"lazy\" decoding=\"async\" class=\"size-full wp-image-415 aligncenter\" src=\"https:\/\/bes.com.vn\/wp-content\/uploads\/sites\/62\/2019\/09\/2-1.png\" alt=\"\" width=\"561\" height=\"500\" srcset=\"https:\/\/trangwebvang.net\/bes\/wp-content\/uploads\/sites\/62\/2019\/09\/2-1.png 561w, https:\/\/trangwebvang.net\/bes\/wp-content\/uploads\/sites\/62\/2019\/09\/2-1-500x446.png 500w\" sizes=\"auto, (max-width: 561px) 100vw, 561px\" \/><\/p>\n[\/vc_column_text][\/vc_column][\/vc_row][vc_row][vc_column width=&#8221;1\/3&#8243;][vc_column_text]<span style=\"font-size: 120%;color: #000000\"><strong>1. L\u00e0m m\u1edbi &amp; L\u00e0m tr\u1eafng da<\/strong><\/span><\/p>\n<p style=\"text-align: justify\">T\u0103ng Glutathione 29% trong m\u00e1u, gi\u1ea3m n\u1ebfp nh\u0103n, t\u0103ng \u0111\u1ed9 \u1ea9m v\u00e0 l\u00e0n da s\u00e1ng h\u01a1n r\u00f5 r\u1ec7t. Ch\u00e0o m\u1eebng phi\u00ean b\u1ea3n tr\u1ebb trung v\u00e0 xinh \u0111\u1eb9p c\u1ee7a b\u1ea1n trong 3-6 th\u00e1ng.<\/p>\n[\/vc_column_text][\/vc_column][vc_column width=&#8221;1\/3&#8243;][vc_column_text]<span style=\"font-size: 120%;color: #000000\"><strong>2. Gi\u1ea3i \u0111\u1ed9c &amp; T\u0103ng c\u01b0\u1eddng mi\u1ec5n d\u1ecbch<\/strong><\/span><\/p>\n<p style=\"text-align: justify\">BES gi\u1ea3i \u0111\u1ed9c v\u00e0 t\u0103ng c\u01b0\u1eddng h\u1ec7 th\u1ed1ng mi\u1ec5n d\u1ecbch \u0111\u1ec3 th\u00fac \u0111\u1ea9y m\u1ed9t c\u01a1 th\u1ec3 kh\u1ecfe m\u1ea1nh v\u00e0 tr\u00e0n \u0111\u1ea7y s\u1ee9c s\u1ed1ng. Ch\u00e0o \u0111\u00f3n c\u01a1 th\u1ec3 kh\u1ecfe m\u1ea1nh v\u00e0 xinh \u0111\u1eb9p ch\u1ec9 trong 6-8 tu\u1ea7n.<\/p>\n[\/vc_column_text][\/vc_column][vc_column width=&#8221;1\/3&#8243;][vc_column_text]<span style=\"font-size: 120%;color: #000000\"><strong>3. S\u1ef1 ho\u00e0n h\u1ea3o c\u1ee7a Bes-t c\u1ee7a b\u1ea1n<\/strong><\/span><\/p>\n<p style=\"text-align: justify\">BES cung c\u1ea5p c\u00e1c ch\u1ea5t dinh d\u01b0\u1ee1ng t\u1ed1i \u01b0u \u0111\u1ec3 ch\u1ed1ng l\u1ea1i t\u00e1c h\u1ea1i c\u1ee7a tu\u1ed5i t\u00e1c. Ki\u1ec3m so\u00e1t ngo\u1ea1i h\u00ecnh v\u00e0 c\u1ea3m nh\u1eadn c\u1ee7a b\u1ea1n c\u1ee7a b\u1ea1n ng\u00e0y mai.<\/p>\n[\/vc_column_text][\/vc_column][\/vc_row][vc_row][vc_column width=&#8221;1\/6&#8243;][evc_icon_with_text type=&#8221;icon-top&#8221; custom_icon=&#8221;439&#8243; text=&#8221;Ch\u1ea5t l\u01b0\u1ee3ng cao c\u1ea5p&#8221; text_color=&#8221;#333333&#8243; text_top_margin=&#8221;10px&#8221;][\/vc_column][vc_column width=&#8221;1\/6&#8243;][evc_icon_with_text type=&#8221;icon-top&#8221; custom_icon=&#8221;440&#8243; text=&#8221;\u0110\u01b0\u1ee3c ch\u1ee9ng minh l\u00e2m s\u00e0ng&#8221; text_color=&#8221;#333333&#8243; text_top_margin=&#8221;10&#8243;][\/vc_column][vc_column width=&#8221;1\/6&#8243;][evc_icon_with_text type=&#8221;icon-top&#8221; custom_icon=&#8221;442&#8243; text=&#8221;Tinh khi\u1ebft &amp; c\u00f3 ti\u1ec1m n\u0103ng mang l\u1ea1i hi\u1ec7u qu\u1ea3&#8221; text_color=&#8221;#333333&#8243;][\/vc_column][vc_column width=&#8221;1\/6&#8243;][evc_icon_with_text type=&#8221;icon-top&#8221; custom_icon=&#8221;439&#8243; text=&#8221;Kh\u00f4ng bi\u1ebfn \u0111\u1ed5i gen&#8221; text_color=&#8221;#333333&#8243;][\/vc_column][vc_column width=&#8221;1\/6&#8243;][evc_icon_with_text type=&#8221;icon-top&#8221; custom_icon=&#8221;443&#8243; text=&#8221;Kh\u00f4ng ch\u1ee9a gluten&#8221; text_color=&#8221;#333333&#8243;][\/vc_column][vc_column width=&#8221;1\/6&#8243;][evc_icon_with_text type=&#8221;icon-top&#8221; custom_icon=&#8221;444&#8243; text=&#8221;Ngu\u1ed3n cung c\u1ea5p b\u1ec1n v\u1eefng&#8221; text_color=&#8221;#333333&#8243;][\/vc_column][\/vc_row][vc_row][vc_column][ultimate_spacer height=&#8221;30&#8243;][\/vc_column][\/vc_row][vc_row full_width=&#8221;stretch_row&#8221; bg_type=&#8221;bg_color&#8221; bg_color_value=&#8221;#ebebeb&#8221;][vc_column][evc_section_title title=&#8221;C\u00f4ng th\u1ee9c \u0111\u1ed9c quy\u1ec1n BES&#8221;][\/vc_column][\/vc_row][vc_row full_width=&#8221;stretch_row&#8221; bg_type=&#8221;bg_color&#8221; bg_color_value=&#8221;#ebebeb&#8221;][vc_column width=&#8221;1\/3&#8243;][evc_icon_with_text type=&#8221;icon-top&#8221; title_tag=&#8221;&#8221; custom_icon=&#8221;446&#8243; title=&#8221;Setria (glutathion tripeptit Setria)&#8221; text=&#8221;119061 nghi\u00ean c\u1ee9u v\u00e0 nghi\u00ean c\u1ee9u l\u00e2m s\u00e0ng&#8221;][\/vc_column][vc_column width=&#8221;1\/3&#8243;][evc_icon_with_text type=&#8221;icon-top&#8221; title_tag=&#8221;&#8221; custom_icon=&#8221;447&#8243; title=&#8221;Collagen th\u1ee7y ph\u00e2n&#8221; text=&#8221;17764 nghi\u00ean c\u1ee9u v\u00e0 nghi\u00ean c\u1ee9u l\u00e2m s\u00e0ng&#8221;][\/vc_column][vc_column width=&#8221;1\/3&#8243;][evc_icon_with_text type=&#8221;icon-top&#8221; title_tag=&#8221;&#8221; custom_icon=&#8221;448&#8243; title=&#8221;Vitamin C&#8221; text=&#8221;22210 nghi\u00ean c\u1ee9u v\u00e0 nghi\u00ean c\u1ee9u l\u00e2m s\u00e0ng&#8221;][\/vc_column][\/vc_row][vc_row full_width=&#8221;stretch_row&#8221; bg_type=&#8221;bg_color&#8221; bg_color_value=&#8221;#ebebeb&#8221; css=&#8221;.vc_custom_1569224436400{padding-bottom: 18px !important;}&#8221;][vc_column width=&#8221;1\/3&#8243;][evc_icon_with_text type=&#8221;icon-top&#8221; title_tag=&#8221;&#8221; custom_icon=&#8221;449&#8243; title=&#8221;Chi\u1ebft xu\u1ea5t h\u1ea1t nho&#8221; text=&#8221;1551 nghi\u00ean c\u1ee9u v\u00e0 nghi\u00ean c\u1ee9u l\u00e2m s\u00e0ng&#8221;][\/vc_column][vc_column width=&#8221;1\/3&#8243;][evc_icon_with_text type=&#8221;icon-top&#8221; title_tag=&#8221;&#8221; custom_icon=&#8221;450&#8243; title=&#8221;Axit Alpha Lipoic&#8221; text=&#8221;2501 nghi\u00ean c\u1ee9u v\u00e0 nghi\u00ean c\u1ee9u l\u00e2m s\u00e0ng&#8221;][\/vc_column][vc_column width=&#8221;1\/3&#8243;][evc_icon_with_text type=&#8221;icon-top&#8221; title_tag=&#8221;&#8221; custom_icon=&#8221;451&#8243; title=&#8221;Chi\u1ebft xu\u1ea5t t\u1eeb qu\u1ea3 l\u1ef1u&#8221; text=&#8221;1789 nghi\u00ean c\u1ee9u v\u00e0 nghi\u00ean c\u1ee9u l\u00e2m s\u00e0ng&#8221;][\/vc_column][\/vc_row]\n<\/section>","protected":false},"excerpt":{"rendered":"[vc_row][vc_column][\/vc_column][\/vc_row][vc_row full_width=&#8221;stretch_row&#8221; css=&#8221;.vc_custom_1568904795413{margin: 0px !important;padding: 0px !important;background-color: #f7f7f7 !important;border: 0px initial !important;}&#8221;][vc_column][vc_single_image image=&#8221;400&#8243; img_size=&#8221;full&#8221; alignment=&#8221;center&#8221;][\/vc_column][\/vc_row][vc_row][vc_column width=&#8221;1\/2&#8243;][vc_column_text] S\u1ef1 \u0111\u1ed5i m\u1edbi Gi\u1ea3i ph\u00e1p s\u1ed1 1 L\u00e0m \u0111\u1eb9p &amp; ch\u1ed1ng l\u00e3o h\u00f3a da [\/vc_column_text][vc_column_text] Ni\u1ec1m tin 2.1 tri\u1ec7u H\u01a1n 2.1 tri\u1ec7u \u0111\u01a1n v\u1ecb \u0111\u01b0\u1ee3c b\u00e1n tr\u00ean to\u00e0n th\u1ebf gi\u1edbi [\/vc_column_text][\/vc_column][vc_column width=&#8221;1\/2&#8243;][vc_column_text] D\u1ef1a tr\u00ean ch\u1ee9ng c\u1ee9 khoa h\u1ecdc [\/vc_column_text][stat_counter [&#8230;]\n","protected":false},"author":2,"featured_media":0,"parent":0,"menu_order":0,"comment_status":"closed","ping_status":"closed","template":"","meta":{"footnotes":""},"class_list":["post-484","page","type-page","status-publish","hentry"],"_links":{"self":[{"href":"https:\/\/trangwebvang.net\/bes\/wp-json\/wp\/v2\/pages\/484","targetHints":{"allow":["GET"]}}],"collection":[{"href":"https:\/\/trangwebvang.net\/bes\/wp-json\/wp\/v2\/pages"}],"about":[{"href":"https:\/\/trangwebvang.net\/bes\/wp-json\/wp\/v2\/types\/page"}],"author":[{"embeddable":true,"href":"https:\/\/trangwebvang.net\/bes\/wp-json\/wp\/v2\/users\/2"}],"replies":[{"embeddable":true,"href":"https:\/\/trangwebvang.net\/bes\/wp-json\/wp\/v2\/comments?post=484"}],"version-history":[{"count":0,"href":"https:\/\/trangwebvang.net\/bes\/wp-json\/wp\/v2\/pages\/484\/revisions"}],"wp:attachment":[{"href":"https:\/\/trangwebvang.net\/bes\/wp-json\/wp\/v2\/media?parent=484"}],"curies":[{"name":"wp","href":"https:\/\/api.w.org\/{rel}","templated":true}]}}